{"id":5033,"date":"2021-02-21T14:38:47","date_gmt":"2021-02-21T13:38:47","guid":{"rendered":"https:\/\/regalaunninot.com\/dibuja-tu-ninot\/"},"modified":"2021-03-10T01:03:31","modified_gmt":"2021-03-10T00:03:31","slug":"concurso-dibuja-ninot","status":"publish","type":"page","link":"https:\/\/regalaunninot.com\/es\/concurso-dibuja-ninot\/","title":{"rendered":"Dibuja tu ninot"},"content":{"rendered":"<p><img decoding=\"async\" width=\"1024\" height=\"1024\" src=\"https:\/\/regalaunninot.com\/wp-content\/uploads\/2021\/02\/dibujatuninot-1024x1024.jpg\" alt=\"\" loading=\"lazy\" srcset=\"https:\/\/regalaunninot.com\/wp-content\/uploads\/2021\/02\/dibujatuninot-1024x1024.jpg 1024w, https:\/\/regalaunninot.com\/wp-content\/uploads\/2021\/02\/dibujatuninot-150x150.jpg 150w, https:\/\/regalaunninot.com\/wp-content\/uploads\/2021\/02\/dibujatuninot-480x480.jpg 480w, https:\/\/regalaunninot.com\/wp-content\/uploads\/2021\/02\/dibujatuninot-600x600.jpg 600w, https:\/\/regalaunninot.com\/wp-content\/uploads\/2021\/02\/dibujatuninot.jpg 1080w\" sizes=\"auto, (max-width: 1024px) 100vw, 1024px\" \/>\t\t\t\t\t\t\t\t\t\t\t<\/p>\n<h2>Concurso #DibujaTuNinotRuN<\/h2>\n<p>En RegalaunNinot.com queremos promover la creatividad de los artistas falleros entre los m\u00e1s y las m\u00e1s peques de la casa. Por eso lanzamos el concurso #DibujaTuNinotRuN en colaboraci\u00f3n con el artista alicantino <a href=\"https:\/\/regalaunninot.com\/es\/artista\/tono-savall\/\"><strong>To\u00f1o Savall<\/strong><\/a>, autor de numerosas Fallas y Hogueras con un estilo que potencia la imaginaci\u00f3n de ni\u00f1os y ni\u00f1as en sus obras ef\u00edmeras.<\/p>\n<h2>Dibuja tu ninot<\/h2>\n<p>\t\tEl concurso ya ha finalizado.<br \/>\nOs presentamos un taller de papercraft. Descarga los 3 NinotCraft de Regala un ninot y crea tu ninot fallero hecho con la t\u00e9cnica de papercraft.<br \/>\n<a style=\"background: linear-gradient(to right,#e23b4a, #db0768); color: #fff; width: 100%; display: block; text-align: center; border-radius: 6px; padding: 5px; margin: 15px 0;\" href=\"https:\/\/regalaunninot.com\/wp-content\/uploads\/2021\/03\/ninotcraft-regalaunninot.pdf\" download=\"\">Descargar ninotcraft en A4<\/a>\t\t<\/p>\n<h2>Ninots de To\u00f1o Savall<\/h2>\n<p>\u00bfQuieres tu dibujo convertido en ninot?<\/p>\n<p>1. P\u00e1sate por el producto de&nbsp;<strong style=\"font-size: calc(18px + 0.3vw); letter-spacing: 0px;\"><a href=\"https:\/\/regalaunninot.com\/es\/producto\/rayajos\/\">Rayajos&nbsp;&#8211;&gt; Clica aqu\u00ed<\/a><\/strong><\/p>\n<p>2. Sube tu dibujo<\/p>\n<p>3.&nbsp;<a style=\"font-size: calc(18px + 0.3vw); background-color: #ffffff; letter-spacing: 0px;\" href=\"https:\/\/regalaunninot.com\/es\/artista\/tono-savall\/\"><strong>To\u00f1o Savall<\/strong><\/a>&nbsp;lo har\u00e1 realidad en forma de ninot<\/p>\n<p>Tambi\u00e9n puedes crear tu propio <b>ninot personalizado<\/b>, escr\u00edbenos para&nbsp;<strong style=\"font-family: Silka, sans-serif; font-size: calc(18px + 0.3vw); font-style: normal; letter-spacing: 0px;\"><a style=\"font-size: 22.542px;\" href=\"https:\/\/regalaunninot.com\/es\/hacer-un-encargo\/\">hacer un encargo<\/a>&nbsp;<\/strong>y te ayudaremos a hacerlo realidad.<\/p>\n<figure class='gallery-item'>\n\t\t\t\t<a data-elementor-open-lightbox=\"yes\" data-elementor-lightbox-slideshow=\"627cadd7\" data-elementor-lightbox-title=\"dibuja-mi-ninot-garabatos-savall-5\" href='https:\/\/regalaunninot.com\/wp-content\/uploads\/2020\/09\/dibuja-mi-ninot-garabatos-savall-5.jpg'><img decoding=\"async\" width=\"300\" height=\"152\" src=\"https:\/\/regalaunninot.com\/wp-content\/uploads\/2020\/09\/dibuja-mi-ninot-garabatos-savall-5.jpg\" alt=\"\" loading=\"lazy\" srcset=\"https:\/\/regalaunninot.com\/wp-content\/uploads\/2020\/09\/dibuja-mi-ninot-garabatos-savall-5.jpg 1564w, https:\/\/regalaunninot.com\/wp-content\/uploads\/2020\/09\/dibuja-mi-ninot-garabatos-savall-5-1024x519.jpg 1024w, https:\/\/regalaunninot.com\/wp-content\/uploads\/2020\/09\/dibuja-mi-ninot-garabatos-savall-5-600x304.jpg 600w\" sizes=\"auto, (max-width: 300px) 100vw, 300px\" \/><\/a><br \/>\n\t\t\t<\/figure>\n<figure class='gallery-item'>\n\t\t\t\t<a data-elementor-open-lightbox=\"yes\" data-elementor-lightbox-slideshow=\"627cadd7\" data-elementor-lightbox-title=\"dibuja-mi-ninot-garabatos-savall-4\" href='https:\/\/regalaunninot.com\/wp-content\/uploads\/2020\/09\/dibuja-mi-ninot-garabatos-savall-4.jpg'><img decoding=\"async\" width=\"300\" height=\"150\" src=\"https:\/\/regalaunninot.com\/wp-content\/uploads\/2020\/09\/dibuja-mi-ninot-garabatos-savall-4.jpg\" alt=\"\" loading=\"lazy\" srcset=\"https:\/\/regalaunninot.com\/wp-content\/uploads\/2020\/09\/dibuja-mi-ninot-garabatos-savall-4.jpg 1564w, https:\/\/regalaunninot.com\/wp-content\/uploads\/2020\/09\/dibuja-mi-ninot-garabatos-savall-4-1024x512.jpg 1024w, https:\/\/regalaunninot.com\/wp-content\/uploads\/2020\/09\/dibuja-mi-ninot-garabatos-savall-4-600x300.jpg 600w\" sizes=\"auto, (max-width: 300px) 100vw, 300px\" \/><\/a><br \/>\n\t\t\t<\/figure>\n<figure class='gallery-item'>\n\t\t\t\t<a data-elementor-open-lightbox=\"yes\" data-elementor-lightbox-slideshow=\"627cadd7\" data-elementor-lightbox-title=\"dibuja-mi-ninot-garabatos-savall-3\" href='https:\/\/regalaunninot.com\/wp-content\/uploads\/2020\/09\/dibuja-mi-ninot-garabatos-savall-3.jpg'><img decoding=\"async\" width=\"300\" height=\"150\" src=\"https:\/\/regalaunninot.com\/wp-content\/uploads\/2020\/09\/dibuja-mi-ninot-garabatos-savall-3.jpg\" alt=\"\" loading=\"lazy\" srcset=\"https:\/\/regalaunninot.com\/wp-content\/uploads\/2020\/09\/dibuja-mi-ninot-garabatos-savall-3.jpg 1564w, https:\/\/regalaunninot.com\/wp-content\/uploads\/2020\/09\/dibuja-mi-ninot-garabatos-savall-3-1024x511.jpg 1024w, https:\/\/regalaunninot.com\/wp-content\/uploads\/2020\/09\/dibuja-mi-ninot-garabatos-savall-3-600x299.jpg 600w\" sizes=\"auto, (max-width: 300px) 100vw, 300px\" \/><\/a><br \/>\n\t\t\t<\/figure>\n<figure class='gallery-item'>\n\t\t\t\t<a data-elementor-open-lightbox=\"yes\" data-elementor-lightbox-slideshow=\"627cadd7\" data-elementor-lightbox-title=\"dibuja-mi-ninot-garabatos-savall-2\" href='https:\/\/regalaunninot.com\/wp-content\/uploads\/2020\/09\/dibuja-mi-ninot-garabatos-savall-2.jpg'><img decoding=\"async\" width=\"300\" height=\"153\" src=\"https:\/\/regalaunninot.com\/wp-content\/uploads\/2020\/09\/dibuja-mi-ninot-garabatos-savall-2.jpg\" alt=\"\" loading=\"lazy\" srcset=\"https:\/\/regalaunninot.com\/wp-content\/uploads\/2020\/09\/dibuja-mi-ninot-garabatos-savall-2.jpg 1537w, https:\/\/regalaunninot.com\/wp-content\/uploads\/2020\/09\/dibuja-mi-ninot-garabatos-savall-2-1024x521.jpg 1024w, https:\/\/regalaunninot.com\/wp-content\/uploads\/2020\/09\/dibuja-mi-ninot-garabatos-savall-2-600x305.jpg 600w\" sizes=\"auto, (max-width: 300px) 100vw, 300px\" \/><\/a><br \/>\n\t\t\t<\/figure>\n<figure class='gallery-item'>\n\t\t\t\t<a data-elementor-open-lightbox=\"yes\" data-elementor-lightbox-slideshow=\"627cadd7\" data-elementor-lightbox-title=\"dibuja-mi-ninot-garabatos-savall\" href='https:\/\/regalaunninot.com\/wp-content\/uploads\/2020\/09\/dibuja-mi-ninot-garabatos-savall.jpg'><img decoding=\"async\" width=\"300\" height=\"150\" src=\"https:\/\/regalaunninot.com\/wp-content\/uploads\/2020\/09\/dibuja-mi-ninot-garabatos-savall.jpg\" alt=\"\" loading=\"lazy\" srcset=\"https:\/\/regalaunninot.com\/wp-content\/uploads\/2020\/09\/dibuja-mi-ninot-garabatos-savall.jpg 1564w, https:\/\/regalaunninot.com\/wp-content\/uploads\/2020\/09\/dibuja-mi-ninot-garabatos-savall-1024x513.jpg 1024w, https:\/\/regalaunninot.com\/wp-content\/uploads\/2020\/09\/dibuja-mi-ninot-garabatos-savall-600x300.jpg 600w\" sizes=\"auto, (max-width: 300px) 100vw, 300px\" \/><\/a><br \/>\n\t\t\t<\/figure>\n<figure class='gallery-item'>\n\t\t\t\t<a data-elementor-open-lightbox=\"yes\" data-elementor-lightbox-slideshow=\"627cadd7\" data-elementor-lightbox-title=\"dibuja-mi-ninot-garabatos-savall-6\" href='https:\/\/regalaunninot.com\/wp-content\/uploads\/2020\/09\/dibuja-mi-ninot-garabatos-savall-6.jpg'><img decoding=\"async\" width=\"300\" height=\"150\" src=\"https:\/\/regalaunninot.com\/wp-content\/uploads\/2020\/09\/dibuja-mi-ninot-garabatos-savall-6.jpg\" alt=\"\" loading=\"lazy\" srcset=\"https:\/\/regalaunninot.com\/wp-content\/uploads\/2020\/09\/dibuja-mi-ninot-garabatos-savall-6.jpg 1564w, https:\/\/regalaunninot.com\/wp-content\/uploads\/2020\/09\/dibuja-mi-ninot-garabatos-savall-6-1024x511.jpg 1024w, https:\/\/regalaunninot.com\/wp-content\/uploads\/2020\/09\/dibuja-mi-ninot-garabatos-savall-6-600x300.jpg 600w\" sizes=\"auto, (max-width: 300px) 100vw, 300px\" \/><\/a><br \/>\n\t\t\t<\/figure>\n<form action=\"\/wp-admin\/admin-ajax.php#wpcf7-f2030-o3\" method=\"post\" enctype=\"multipart\/form-data\" novalidate=\"novalidate\">\n<input type=\"hidden\" name=\"_wpcf7\" value=\"2030\" \/><br \/>\n<input type=\"hidden\" name=\"_wpcf7_version\" value=\"5.2.2\" \/><br \/>\n<input type=\"hidden\" name=\"_wpcf7_locale\" value=\"ca\" \/><br \/>\n<input type=\"hidden\" name=\"_wpcf7_unit_tag\" value=\"wpcf7-f2030-o3\" \/><br \/>\n<input type=\"hidden\" name=\"_wpcf7_container_post\" value=\"0\" \/><br \/>\n<input type=\"hidden\" name=\"_wpcf7_posted_data_hash\" value=\"\" \/><\/p>\n<p><label><input type=\"text\" name=\"your-name\" value=\"\" size=\"40\" aria-required=\"true\" aria-invalid=\"false\" placeholder=\"Nombre\" \/><\/label><\/p>\n<p><label><input type=\"email\" name=\"your-email\" value=\"\" size=\"40\" aria-required=\"true\" aria-invalid=\"false\" placeholder=\"Correo electr\u00f3nico\" \/><\/label><\/p>\n<p><label><input type=\"tel\" name=\"your-tel\" value=\"\" size=\"40\" aria-required=\"true\" aria-invalid=\"false\" placeholder=\"Tel\u00e8fon\" \/><\/label><\/p>\n<p><label> El artista<br \/>\n    <select name=\"tipo-artista\" aria-required=\"true\" aria-invalid=\"false\"><option value=\"\"><\/option><option value=\"Alex L\u00f3pez\">Alex L\u00f3pez<\/option><option value=\"Angel Navarro\">Angel Navarro<\/option><option value=\"Art en Foc\">Art en Foc<\/option><option value=\"Bernardo Estela Parra\">Bernardo Estela Parra<\/option><option value=\"Borja Llorens\">Borja Llorens<\/option><option value=\"Carlos Cars\u00ed\">Carlos Cars\u00ed<\/option><option value=\"El taller de V\u00edctor Navarro\">El taller de V\u00edctor Navarro<\/option><option value=\"Emilio Miralles Ferrero\">Emilio Miralles Ferrero<\/option><option value=\"Estudio Chuky\">Estudio Chuky<\/option><option value=\"Gio Artcolor\">Gio Artcolor<\/option><option value=\"Gotes de Foc\">Gotes de Foc<\/option><option value=\"Grego Acebedo\">Grego Acebedo<\/option><option value=\"Joan Sim\u00f3\">Joan Sim\u00f3<\/option><option value=\"Jose Fuster\">Jose Fuster<\/option><option value=\"Jose Gallego Gallego\">Jose Gallego Gallego<\/option><option value=\"Jose Luis Platero\">Jose Luis Platero<\/option><option value=\"Juan Carlos Banacloy\">Juan Carlos Banacloy<\/option><option value=\"Mario Gual\">Mario Gual<\/option><option value=\"Mario P\u00e9rez\">Mario P\u00e9rez<\/option><option value=\"Miguel Hache\">Miguel Hache<\/option><option value=\"Miriam Garcia\">Miriam Garcia<\/option><option value=\"\u00d2scar Villada\">\u00d2scar Villada<\/option><option value=\"Rafa Cheli\">Rafa Cheli<\/option><option value=\"Ram\u00f3n Solaz\">Ram\u00f3n Solaz<\/option><option value=\"Reyes PE\">Reyes PE<\/option><option value=\"Ruben Arcos\">Ruben Arcos<\/option><option value=\"Sacabutx Art\">Sacabutx Art<\/option><option value=\"Sergi Musoles Ros\">Sergi Musoles Ros<\/option><option value=\"Sergio Alca\u00f1iz\">Sergio Alca\u00f1iz<\/option><option value=\"Sergio Amar\">Sergio Amar<\/option><option value=\"Sevior Y Priol Arts\">Sevior Y Priol Arts<\/option><option value=\"To\u00f1o Savall\">To\u00f1o Savall<\/option><option value=\"Vicent Gomar\">Vicent Gomar<\/option><option value=\"Vicente Dom\u00ednguez\">Vicente Dom\u00ednguez<\/option><option value=\"Vicente Juli\u00e1n Garc\u00eda\">Vicente Juli\u00e1n Garc\u00eda<\/option><option value=\"Vicente Martinez\">Vicente Martinez<\/option><option value=\"Xavi Gurrea\">Xavi Gurrea<\/option><option value=\"Xavier Herrero\">Xavier Herrero<\/option><option value=\"Ximo Foix\">Ximo Foix<\/option><option value=\"Recibe una recomendaci\u00f3n\">Recibe una recomendaci\u00f3n<\/option><\/select><\/label><\/p>\n<p><label> Presupuesto<br \/>\n    <select name=\"pressupost\" aria-required=\"true\" aria-invalid=\"false\"><option value=\"\">Selecciona tu presupuesto<\/option><option value=\"A partir de 200\u20ac\">A partir de 200\u20ac<\/option><option value=\"A partir de 300\u20ac\">A partir de 300\u20ac<\/option><option value=\"Sin presupuesto\">Sin presupuesto<\/option><\/select><\/label><\/p>\n<p><label> Fecha de entrega aproximada<br \/>\n    <input type=\"text\" name=\"your-date\" value=\"\" size=\"40\" aria-required=\"true\" aria-invalid=\"false\" \/> <\/label><\/p>\n<p><label><textarea name=\"your-message\" cols=\"40\" rows=\"10\" aria-required=\"true\" aria-invalid=\"false\" placeholder=\"Tu encargo\"><\/textarea><\/label><\/p>\n<p><label> Im\u00e1genes ejemplo (1mb como m\u00e1ximo)<br \/>\n<input type=\"file\" name=\"imagen-ejemplo-1\" size=\"40\" accept=\".jpg,.jpeg,.png,.gif\" aria-invalid=\"false\" \/><\/label><br \/>\n<input type=\"file\" name=\"imagen-ejemplo-2\" size=\"40\" accept=\".jpg,.jpeg,.png,.gif\" aria-invalid=\"false\" \/><\/p>\n<p><input type=\"email\" name=\"email-artista\" value=\"\" size=\"40\" aria-invalid=\"false\" \/><\/p>\n<p><label><input type=\"checkbox\" name=\"acceptance-334\" value=\"1\" aria-invalid=\"false\" \/>He le\u00eddo y acepto la <a href=\"\/es\/politica-de-privacitat\">Pol\u00edtica de Privacidad<\/a><\/label><br \/>\n<label><input type=\"checkbox\" name=\"newsletter\" value=\"1\" aria-invalid=\"false\" \/>\u00a1Suscribirme a la newsletter y recibir ofertas especiales!<\/label><\/p>\n<p><input type=\"submit\" value=\"Env\u00eda\" \/><\/p>\n<\/form>\n<h2>Bases del concurso<\/h2>\n<p>1.\u00a0Podr\u00e1n participar cualquier ni\u00f1o o ni\u00f1a menor de 16 a\u00f1os residente en territorio peninsular espa\u00f1ol presentando un \u00fanico dibujo por participante enviado por sus padres o tutores legales.<\/p>\n<p>2. El concurso tendr\u00e1 una tem\u00e1tica libre y el plazo de entrega ser\u00e1\u00a0des del\u00a0<b>23 de Febrero a las 12:00h<\/b>\u00a0hasta el <b>1 de Marzo a las 23:59h<\/b>\u00a0via el formulario de correo.<\/p>\n<p>3. No entrar\u00e1n en concurso los dibujos presentados fuera de plazo.<\/p>\n<p>4.\u00a0Los dibujos estar\u00e1n identificados con el nombre del padre\/madre\/tutor, correo electr\u00f3nico, tel\u00e9fono, el nombre del artista, edad y la imagen del dibujo. Estos datos se utilizar\u00e1n a los \u00fanicos efectos de localizar a los<br \/>ganadores. Terminado el concurso, los datos ser\u00e1n destruidos.<\/p>\n<p>5. Cada dibujo enviado da la autorizaci\u00f3n a RegalaUnNinot.com a utilizarlo para mostrarlo en las plataformas que desee.<\/p>\n<p>6. El sistema de votaci\u00f3n funcionar\u00e1 por IP \u00fanica y se realizar\u00e1 un dibujo por votaci\u00f3n. El plazo de votaci\u00f3n ser\u00e1 desde el\u00a0<b>2 de Marzo a las 12:00h<\/b> hasta el <b>7 de Marzo a las 21:00h<\/b>\u00a0d\u00e1ndose a conocer la obra m\u00e1s votada el <b>7 de Marzo a las 22:00h.\u00a0<\/b>Cualquier tipo de fraude detectado ser\u00e1 penalizado.<\/p>\n<p>7.\u00a0To\u00f1o convertir\u00e1 en ninot el dibujo infantil m\u00e1s votado de entre todas las propuestas enviadas a\u00a0RegalaunNinot.com\u00a0.<\/p>\n<p>8.\u00a0En caso de empate se realizar\u00e1 un sorteo entre las obras que hayan obtenido el mayor n\u00famero de votos de las presentadas.<\/p>\n<p>9. El dibujo ganador se convertir\u00e1 en un ninot a partir de\u00a0 la interpretaci\u00f3n del artista To\u00f1o Savall. Se pueden reducir detalles del dibujo para simplificarlo. El valor del ninot no superar\u00e1 los 160\u20ac.<\/p>\n<p>10.\u00a0Una vez tengamos el Ninot ser\u00e1 entregado al autor o autora en una fecha a determinar posteriormente.\u00a0En caso de no poder hacerse entrega presencial se enviar\u00e1 por correo postal a la direcci\u00f3n indicada por los padres o tutores legales correspondientes.<\/p>\n<p>11. La organizaci\u00f3n se reserva el derecho de actuar ante cualquier situaci\u00f3n no contemplada en estas bases.<\/p>\n","protected":false},"excerpt":{"rendered":"<p>Concurso #DibujaTuNinotRuN En RegalaunNinot.com queremos promover la creatividad de los artistas falleros entre los m\u00e1s y las m\u00e1s peques de la casa. Por eso lanzamos el concurso #DibujaTuNinotRuN en colaboraci\u00f3n con el artista alicantino To\u00f1o Savall, autor de numerosas Fallas y Hogueras con un estilo que potencia la imaginaci\u00f3n de ni\u00f1os y ni\u00f1as en sus [&hellip;]<\/p>\n","protected":false},"author":1,"featured_media":5173,"parent":0,"menu_order":0,"comment_status":"closed","ping_status":"closed","template":"","meta":{"footnotes":""},"class_list":["post-5033","page","type-page","status-publish","has-post-thumbnail","hentry"],"acf":[],"yoast_head":"<!-- This site is optimized with the Yoast SEO Premium plugin v19.3 (Yoast SEO v26.5) - https:\/\/yoast.com\/wordpress\/plugins\/seo\/ -->\n<title>Dibuja tu ninot | \ud83c\udf81 Regala Un Ninot \u200d\ud83c\udfa8<\/title>\n<meta name=\"robots\" content=\"index, follow, max-snippet:-1, max-image-preview:large, max-video-preview:-1\" \/>\n<link rel=\"canonical\" href=\"https:\/\/regalaunninot.com\/es\/concurso-dibuja-ninot\/\" \/>\n<meta property=\"og:locale\" content=\"es_ES\" \/>\n<meta property=\"og:type\" content=\"article\" \/>\n<meta property=\"og:title\" content=\"Dibuja tu ninot\" \/>\n<meta property=\"og:description\" content=\"Concurso #DibujaTuNinotRuN En RegalaunNinot.com queremos promover la creatividad de los artistas falleros entre los m\u00e1s y las m\u00e1s peques de la casa. Por eso lanzamos el concurso #DibujaTuNinotRuN en colaboraci\u00f3n con el artista alicantino To\u00f1o Savall, autor de numerosas Fallas y Hogueras con un estilo que potencia la imaginaci\u00f3n de ni\u00f1os y ni\u00f1as en sus [&hellip;]\" \/>\n<meta property=\"og:url\" content=\"https:\/\/regalaunninot.com\/es\/concurso-dibuja-ninot\/\" \/>\n<meta property=\"og:site_name\" content=\"\ud83c\udf81 Regala Un Ninot \u200d\ud83c\udfa8\" \/>\n<meta property=\"article:modified_time\" content=\"2021-03-10T00:03:31+00:00\" \/>\n<meta property=\"og:image\" content=\"https:\/\/regalaunninot.com\/wp-content\/uploads\/2021\/02\/dibujatuninot.jpg\" \/>\n\t<meta property=\"og:image:width\" content=\"1080\" \/>\n\t<meta property=\"og:image:height\" content=\"1080\" \/>\n\t<meta property=\"og:image:type\" content=\"image\/jpeg\" \/>\n<meta name=\"twitter:card\" content=\"summary_large_image\" \/>\n<meta name=\"twitter:label1\" content=\"Tiempo de lectura\" \/>\n\t<meta name=\"twitter:data1\" content=\"3 minutos\" \/>\n<script type=\"application\/ld+json\" class=\"yoast-schema-graph\">{\"@context\":\"https:\/\/schema.org\",\"@graph\":[{\"@type\":\"WebPage\",\"@id\":\"https:\/\/regalaunninot.com\/es\/concurso-dibuja-ninot\/\",\"url\":\"https:\/\/regalaunninot.com\/es\/concurso-dibuja-ninot\/\",\"name\":\"Dibuja tu ninot | \ud83c\udf81 Regala Un Ninot \u200d\ud83c\udfa8\",\"isPartOf\":{\"@id\":\"https:\/\/regalaunninot.com\/es\/#website\"},\"primaryImageOfPage\":{\"@id\":\"https:\/\/regalaunninot.com\/es\/concurso-dibuja-ninot\/#primaryimage\"},\"image\":{\"@id\":\"https:\/\/regalaunninot.com\/es\/concurso-dibuja-ninot\/#primaryimage\"},\"thumbnailUrl\":\"https:\/\/regalaunninot.com\/wp-content\/uploads\/2021\/02\/dibujatuninot.jpg\",\"datePublished\":\"2021-02-21T13:38:47+00:00\",\"dateModified\":\"2021-03-10T00:03:31+00:00\",\"breadcrumb\":{\"@id\":\"https:\/\/regalaunninot.com\/es\/concurso-dibuja-ninot\/#breadcrumb\"},\"inLanguage\":\"es\",\"potentialAction\":[{\"@type\":\"ReadAction\",\"target\":[\"https:\/\/regalaunninot.com\/es\/concurso-dibuja-ninot\/\"]}]},{\"@type\":\"ImageObject\",\"inLanguage\":\"es\",\"@id\":\"https:\/\/regalaunninot.com\/es\/concurso-dibuja-ninot\/#primaryimage\",\"url\":\"https:\/\/regalaunninot.com\/wp-content\/uploads\/2021\/02\/dibujatuninot.jpg\",\"contentUrl\":\"https:\/\/regalaunninot.com\/wp-content\/uploads\/2021\/02\/dibujatuninot.jpg\",\"width\":1080,\"height\":1080},{\"@type\":\"BreadcrumbList\",\"@id\":\"https:\/\/regalaunninot.com\/es\/concurso-dibuja-ninot\/#breadcrumb\",\"itemListElement\":[{\"@type\":\"ListItem\",\"position\":1,\"name\":\"Inici\",\"item\":\"https:\/\/regalaunninot.com\/es\/\"},{\"@type\":\"ListItem\",\"position\":2,\"name\":\"Dibuja tu ninot\"}]},{\"@type\":\"WebSite\",\"@id\":\"https:\/\/regalaunninot.com\/es\/#website\",\"url\":\"https:\/\/regalaunninot.com\/es\/\",\"name\":\"\ud83c\udf81 Regala Un Ninot \u200d\ud83c\udfa8\",\"description\":\"Regala la creatividad de nuestros artistas falleros y foguereros\",\"publisher\":{\"@id\":\"https:\/\/regalaunninot.com\/es\/#organization\"},\"potentialAction\":[{\"@type\":\"SearchAction\",\"target\":{\"@type\":\"EntryPoint\",\"urlTemplate\":\"https:\/\/regalaunninot.com\/es\/?s={search_term_string}\"},\"query-input\":{\"@type\":\"PropertyValueSpecification\",\"valueRequired\":true,\"valueName\":\"search_term_string\"}}],\"inLanguage\":\"es\"},{\"@type\":\"Organization\",\"@id\":\"https:\/\/regalaunninot.com\/es\/#organization\",\"name\":\"Regala Un Ninot\",\"url\":\"https:\/\/regalaunninot.com\/es\/\",\"logo\":{\"@type\":\"ImageObject\",\"inLanguage\":\"es\",\"@id\":\"https:\/\/regalaunninot.com\/es\/#\/schema\/logo\/image\/\",\"url\":\"https:\/\/regalaunninot.com\/wp-content\/uploads\/2020\/12\/logo-regala-un-ninot-h.png\",\"contentUrl\":\"https:\/\/regalaunninot.com\/wp-content\/uploads\/2020\/12\/logo-regala-un-ninot-h.png\",\"width\":1787,\"height\":705,\"caption\":\"Regala Un Ninot\"},\"image\":{\"@id\":\"https:\/\/regalaunninot.com\/es\/#\/schema\/logo\/image\/\"}}]}<\/script>\n<!-- \/ Yoast SEO Premium plugin. -->","yoast_head_json":{"title":"Dibuja tu ninot | \ud83c\udf81 Regala Un Ninot \u200d\ud83c\udfa8","robots":{"index":"index","follow":"follow","max-snippet":"max-snippet:-1","max-image-preview":"max-image-preview:large","max-video-preview":"max-video-preview:-1"},"canonical":"https:\/\/regalaunninot.com\/es\/concurso-dibuja-ninot\/","og_locale":"es_ES","og_type":"article","og_title":"Dibuja tu ninot","og_description":"Concurso #DibujaTuNinotRuN En RegalaunNinot.com queremos promover la creatividad de los artistas falleros entre los m\u00e1s y las m\u00e1s peques de la casa. Por eso lanzamos el concurso #DibujaTuNinotRuN en colaboraci\u00f3n con el artista alicantino To\u00f1o Savall, autor de numerosas Fallas y Hogueras con un estilo que potencia la imaginaci\u00f3n de ni\u00f1os y ni\u00f1as en sus [&hellip;]","og_url":"https:\/\/regalaunninot.com\/es\/concurso-dibuja-ninot\/","og_site_name":"\ud83c\udf81 Regala Un Ninot \u200d\ud83c\udfa8","article_modified_time":"2021-03-10T00:03:31+00:00","og_image":[{"width":1080,"height":1080,"url":"https:\/\/regalaunninot.com\/wp-content\/uploads\/2021\/02\/dibujatuninot.jpg","type":"image\/jpeg"}],"twitter_card":"summary_large_image","twitter_misc":{"Tiempo de lectura":"3 minutos"},"schema":{"@context":"https:\/\/schema.org","@graph":[{"@type":"WebPage","@id":"https:\/\/regalaunninot.com\/es\/concurso-dibuja-ninot\/","url":"https:\/\/regalaunninot.com\/es\/concurso-dibuja-ninot\/","name":"Dibuja tu ninot | \ud83c\udf81 Regala Un Ninot \u200d\ud83c\udfa8","isPartOf":{"@id":"https:\/\/regalaunninot.com\/es\/#website"},"primaryImageOfPage":{"@id":"https:\/\/regalaunninot.com\/es\/concurso-dibuja-ninot\/#primaryimage"},"image":{"@id":"https:\/\/regalaunninot.com\/es\/concurso-dibuja-ninot\/#primaryimage"},"thumbnailUrl":"https:\/\/regalaunninot.com\/wp-content\/uploads\/2021\/02\/dibujatuninot.jpg","datePublished":"2021-02-21T13:38:47+00:00","dateModified":"2021-03-10T00:03:31+00:00","breadcrumb":{"@id":"https:\/\/regalaunninot.com\/es\/concurso-dibuja-ninot\/#breadcrumb"},"inLanguage":"es","potentialAction":[{"@type":"ReadAction","target":["https:\/\/regalaunninot.com\/es\/concurso-dibuja-ninot\/"]}]},{"@type":"ImageObject","inLanguage":"es","@id":"https:\/\/regalaunninot.com\/es\/concurso-dibuja-ninot\/#primaryimage","url":"https:\/\/regalaunninot.com\/wp-content\/uploads\/2021\/02\/dibujatuninot.jpg","contentUrl":"https:\/\/regalaunninot.com\/wp-content\/uploads\/2021\/02\/dibujatuninot.jpg","width":1080,"height":1080},{"@type":"BreadcrumbList","@id":"https:\/\/regalaunninot.com\/es\/concurso-dibuja-ninot\/#breadcrumb","itemListElement":[{"@type":"ListItem","position":1,"name":"Inici","item":"https:\/\/regalaunninot.com\/es\/"},{"@type":"ListItem","position":2,"name":"Dibuja tu ninot"}]},{"@type":"WebSite","@id":"https:\/\/regalaunninot.com\/es\/#website","url":"https:\/\/regalaunninot.com\/es\/","name":"\ud83c\udf81 Regala Un Ninot \u200d\ud83c\udfa8","description":"Regala la creatividad de nuestros artistas falleros y foguereros","publisher":{"@id":"https:\/\/regalaunninot.com\/es\/#organization"},"potentialAction":[{"@type":"SearchAction","target":{"@type":"EntryPoint","urlTemplate":"https:\/\/regalaunninot.com\/es\/?s={search_term_string}"},"query-input":{"@type":"PropertyValueSpecification","valueRequired":true,"valueName":"search_term_string"}}],"inLanguage":"es"},{"@type":"Organization","@id":"https:\/\/regalaunninot.com\/es\/#organization","name":"Regala Un Ninot","url":"https:\/\/regalaunninot.com\/es\/","logo":{"@type":"ImageObject","inLanguage":"es","@id":"https:\/\/regalaunninot.com\/es\/#\/schema\/logo\/image\/","url":"https:\/\/regalaunninot.com\/wp-content\/uploads\/2020\/12\/logo-regala-un-ninot-h.png","contentUrl":"https:\/\/regalaunninot.com\/wp-content\/uploads\/2020\/12\/logo-regala-un-ninot-h.png","width":1787,"height":705,"caption":"Regala Un Ninot"},"image":{"@id":"https:\/\/regalaunninot.com\/es\/#\/schema\/logo\/image\/"}}]}},"_links":{"self":[{"href":"https:\/\/regalaunninot.com\/es\/wp-json\/wp\/v2\/pages\/5033","targetHints":{"allow":["GET"]}}],"collection":[{"href":"https:\/\/regalaunninot.com\/es\/wp-json\/wp\/v2\/pages"}],"about":[{"href":"https:\/\/regalaunninot.com\/es\/wp-json\/wp\/v2\/types\/page"}],"author":[{"embeddable":true,"href":"https:\/\/regalaunninot.com\/es\/wp-json\/wp\/v2\/users\/1"}],"replies":[{"embeddable":true,"href":"https:\/\/regalaunninot.com\/es\/wp-json\/wp\/v2\/comments?post=5033"}],"version-history":[{"count":0,"href":"https:\/\/regalaunninot.com\/es\/wp-json\/wp\/v2\/pages\/5033\/revisions"}],"wp:featuredmedia":[{"embeddable":true,"href":"https:\/\/regalaunninot.com\/es\/wp-json\/wp\/v2\/media\/5173"}],"wp:attachment":[{"href":"https:\/\/regalaunninot.com\/es\/wp-json\/wp\/v2\/media?parent=5033"}],"curies":[{"name":"wp","href":"https:\/\/api.w.org\/{rel}","templated":true}]}}