{"id":11296,"date":"2025-12-05T12:18:58","date_gmt":"2025-12-05T11:18:58","guid":{"rendered":"https:\/\/regalaunninot.com\/?post_type=product&#038;p=11296"},"modified":"2026-02-25T08:19:41","modified_gmt":"2026-02-25T07:19:41","slug":"calendario-2026","status":"publish","type":"product","link":"https:\/\/regalaunninot.com\/es\/producto\/calendario-2026\/","title":{"rendered":"Calendario Regala Un Ninot 2026"},"content":{"rendered":"<p>Vuelve el Calendario de Ragala un Ninot y vuelve con m\u00e1s arte que nunca. Hemos invitado a 12 artistas falleros para que cada uno firme el mes que m\u00e1s le inspire. Algunos han mirado al calendario; otros han elegido tema libre. El resultado es una pieza coleccionable, llena de color y creatividad, que lleva la tradici\u00f3n fallera a tu hogar de forma bonita y diaria.<\/p>\n<p>Porque s\u00ed, regalar un calendario tambi\u00e9n puede emocionar: cada p\u00e1gina es un peque\u00f1o viaje al taller, a los bocetos, a las manos que dan vida a la fiesta que tanto nos hace vibrar. Ll\u00e9vate un trocito de las Fallas a casa \u2014o sorprende a quien m\u00e1s quieres.<\/p>\n<p>&nbsp;<\/p>\n<p><span style=\"font-weight: 400;\">Los 12 artistas del calendario 2026 son:<\/span><\/p>\n<p>Enero \u2013 Ignacio Ferrando. Febrero \u2013 Paco Al agua. Marzo \u2013 Dominguez. Abril \u2013 Chuky. Mayo \u2013 Marta Povez. Junio \u2013 \u00c1ngel Esteban. Julio \u2013 Vicente Juli\u00e1n. Agosto \u2013 Almela. Septiembre \u2013 Miriam. Octubre \u2013 Rub\u00e9n Canet. Noviembre \u2013 Art en foc. Diciembre \u2013 Forn\u00e9s.           <\/p>\n<p><strong>Env\u00edos a partir del 18 de Diciembre<\/strong><\/p>\n","protected":false},"excerpt":{"rendered":"<p>Un calendario muy especial creado con 12 artistas falleros Cada mes, una obra distinta. Color, emoci\u00f3n y tradici\u00f3n para acompa\u00f1arte todo el a\u00f1o<\/p>\n","protected":false},"featured_media":11320,"comment_status":"closed","ping_status":"closed","template":"","meta":[],"product_brand":[],"product_cat":[516],"product_tag":[],"class_list":{"0":"post-11296","1":"product","2":"type-product","3":"status-publish","4":"has-post-thumbnail","6":"product_cat-ilustraciones","7":"product_shipping_class-enviament-turista-es","9":"first","10":"instock","11":"sale","12":"featured","13":"taxable","14":"shipping-taxable","15":"purchasable","16":"product-type-variable","17":"has-default-attributes"},"acf":[],"yoast_head":"<!-- This site is optimized with the Yoast SEO Premium plugin v19.3 (Yoast SEO v26.5) - https:\/\/yoast.com\/wordpress\/plugins\/seo\/ -->\n<title>COMPRA tu Calendario Regala Un Ninot 2026 | \ud83c\udf81 Regala Un Ninot \u200d\ud83c\udfa8<\/title>\n<meta name=\"description\" content=\"Vuelve el Calendario de Ragala un Ninot y vuelve con m\u00e1s arte que nunca. \u00a1RESERVA YA EL CALENDARI 2026!\" \/>\n<meta name=\"robots\" content=\"index, follow, max-snippet:-1, max-image-preview:large, max-video-preview:-1\" \/>\n<link rel=\"canonical\" href=\"https:\/\/regalaunninot.com\/es\/producto\/calendario-2026\/\" \/>\n<meta property=\"og:locale\" content=\"es_ES\" \/>\n<meta property=\"og:type\" content=\"article\" \/>\n<meta property=\"og:title\" content=\"Calendario Regala Un Ninot 2026\" \/>\n<meta property=\"og:description\" content=\"Vuelve el Calendario de Ragala un Ninot y vuelve con m\u00e1s arte que nunca. \u00a1RESERVA YA EL CALENDARI 2026!\" \/>\n<meta property=\"og:url\" content=\"https:\/\/regalaunninot.com\/es\/producto\/calendario-2026\/\" \/>\n<meta property=\"og:site_name\" content=\"\ud83c\udf81 Regala Un Ninot \u200d\ud83c\udfa8\" \/>\n<meta property=\"article:modified_time\" content=\"2026-02-25T07:19:41+00:00\" \/>\n<meta property=\"og:image\" content=\"https:\/\/regalaunninot.com\/wp-content\/uploads\/2025\/12\/PORTADA-scaled.png\" \/>\n\t<meta property=\"og:image:width\" content=\"1631\" \/>\n\t<meta property=\"og:image:height\" content=\"2048\" \/>\n\t<meta property=\"og:image:type\" content=\"image\/png\" \/>\n<meta name=\"twitter:card\" content=\"summary_large_image\" \/>\n<meta name=\"twitter:label1\" content=\"Availability\" \/>\n\t<meta name=\"twitter:data1\" content=\"In stock\" \/>\n<script type=\"application\/ld+json\" class=\"yoast-schema-graph\">{\"@context\":\"https:\/\/schema.org\",\"@graph\":[{\"@type\":\"WebPage\",\"@id\":\"https:\/\/regalaunninot.com\/es\/producto\/calendario-2026\/\",\"url\":\"https:\/\/regalaunninot.com\/es\/producto\/calendario-2026\/\",\"name\":\"COMPRA tu Calendario Regala Un Ninot 2026 | \ud83c\udf81 Regala Un Ninot \u200d\ud83c\udfa8\",\"isPartOf\":{\"@id\":\"https:\/\/regalaunninot.com\/es\/#website\"},\"primaryImageOfPage\":{\"@id\":\"https:\/\/regalaunninot.com\/es\/producto\/calendario-2026\/#primaryimage\"},\"image\":{\"@id\":\"https:\/\/regalaunninot.com\/es\/producto\/calendario-2026\/#primaryimage\"},\"thumbnailUrl\":\"https:\/\/regalaunninot.com\/wp-content\/uploads\/2025\/12\/PORTADA-scaled.png\",\"datePublished\":\"2025-12-05T11:18:58+00:00\",\"dateModified\":\"2026-02-25T07:19:41+00:00\",\"description\":\"Vuelve el Calendario de Ragala un Ninot y vuelve con m\u00e1s arte que nunca. \u00a1RESERVA YA EL CALENDARI 2026!\",\"breadcrumb\":{\"@id\":\"https:\/\/regalaunninot.com\/es\/producto\/calendario-2026\/#breadcrumb\"},\"inLanguage\":\"es\",\"potentialAction\":[{\"@type\":\"ReadAction\",\"target\":[\"https:\/\/regalaunninot.com\/es\/producto\/calendario-2026\/\"]}]},{\"@type\":\"ImageObject\",\"inLanguage\":\"es\",\"@id\":\"https:\/\/regalaunninot.com\/es\/producto\/calendario-2026\/#primaryimage\",\"url\":\"https:\/\/regalaunninot.com\/wp-content\/uploads\/2025\/12\/PORTADA-scaled.png\",\"contentUrl\":\"https:\/\/regalaunninot.com\/wp-content\/uploads\/2025\/12\/PORTADA-scaled.png\",\"width\":1631,\"height\":2048},{\"@type\":\"BreadcrumbList\",\"@id\":\"https:\/\/regalaunninot.com\/es\/producto\/calendario-2026\/#breadcrumb\",\"itemListElement\":[{\"@type\":\"ListItem\",\"position\":1,\"name\":\"Inici\",\"item\":\"https:\/\/regalaunninot.com\/es\/\"},{\"@type\":\"ListItem\",\"position\":2,\"name\":\"Productos\",\"item\":\"https:\/\/regalaunninot.com\/es\/productos\/\"},{\"@type\":\"ListItem\",\"position\":3,\"name\":\"Calendario Regala Un Ninot 2026\"}]},{\"@type\":\"WebSite\",\"@id\":\"https:\/\/regalaunninot.com\/es\/#website\",\"url\":\"https:\/\/regalaunninot.com\/es\/\",\"name\":\"\ud83c\udf81 Regala Un Ninot \u200d\ud83c\udfa8\",\"description\":\"Regala la creatividad de nuestros artistas falleros y foguereros\",\"publisher\":{\"@id\":\"https:\/\/regalaunninot.com\/es\/#organization\"},\"potentialAction\":[{\"@type\":\"SearchAction\",\"target\":{\"@type\":\"EntryPoint\",\"urlTemplate\":\"https:\/\/regalaunninot.com\/es\/?s={search_term_string}\"},\"query-input\":{\"@type\":\"PropertyValueSpecification\",\"valueRequired\":true,\"valueName\":\"search_term_string\"}}],\"inLanguage\":\"es\"},{\"@type\":\"Organization\",\"@id\":\"https:\/\/regalaunninot.com\/es\/#organization\",\"name\":\"Regala Un Ninot\",\"url\":\"https:\/\/regalaunninot.com\/es\/\",\"logo\":{\"@type\":\"ImageObject\",\"inLanguage\":\"es\",\"@id\":\"https:\/\/regalaunninot.com\/es\/#\/schema\/logo\/image\/\",\"url\":\"https:\/\/regalaunninot.com\/wp-content\/uploads\/2020\/12\/logo-regala-un-ninot-h.png\",\"contentUrl\":\"https:\/\/regalaunninot.com\/wp-content\/uploads\/2020\/12\/logo-regala-un-ninot-h.png\",\"width\":1787,\"height\":705,\"caption\":\"Regala Un Ninot\"},\"image\":{\"@id\":\"https:\/\/regalaunninot.com\/es\/#\/schema\/logo\/image\/\"}}]}<\/script>\n<meta property=\"og:availability\" content=\"instock\" \/>\n<meta property=\"product:availability\" content=\"instock\" \/>\n<meta property=\"product:condition\" content=\"new\" \/>\n<!-- \/ Yoast SEO Premium plugin. -->","yoast_head_json":{"title":"COMPRA tu Calendario Regala Un Ninot 2026 | \ud83c\udf81 Regala Un Ninot \u200d\ud83c\udfa8","description":"Vuelve el Calendario de Ragala un Ninot y vuelve con m\u00e1s arte que nunca. \u00a1RESERVA YA EL CALENDARI 2026!","robots":{"index":"index","follow":"follow","max-snippet":"max-snippet:-1","max-image-preview":"max-image-preview:large","max-video-preview":"max-video-preview:-1"},"canonical":"https:\/\/regalaunninot.com\/es\/producto\/calendario-2026\/","og_locale":"es_ES","og_type":"article","og_title":"Calendario Regala Un Ninot 2026","og_description":"Vuelve el Calendario de Ragala un Ninot y vuelve con m\u00e1s arte que nunca. \u00a1RESERVA YA EL CALENDARI 2026!","og_url":"https:\/\/regalaunninot.com\/es\/producto\/calendario-2026\/","og_site_name":"\ud83c\udf81 Regala Un Ninot \u200d\ud83c\udfa8","article_modified_time":"2026-02-25T07:19:41+00:00","og_image":[{"width":1631,"height":2048,"url":"https:\/\/regalaunninot.com\/wp-content\/uploads\/2025\/12\/PORTADA-scaled.png","type":"image\/png"}],"twitter_card":"summary_large_image","twitter_misc":{"Availability":"In stock"},"schema":{"@context":"https:\/\/schema.org","@graph":[{"@type":"WebPage","@id":"https:\/\/regalaunninot.com\/es\/producto\/calendario-2026\/","url":"https:\/\/regalaunninot.com\/es\/producto\/calendario-2026\/","name":"COMPRA tu Calendario Regala Un Ninot 2026 | \ud83c\udf81 Regala Un Ninot \u200d\ud83c\udfa8","isPartOf":{"@id":"https:\/\/regalaunninot.com\/es\/#website"},"primaryImageOfPage":{"@id":"https:\/\/regalaunninot.com\/es\/producto\/calendario-2026\/#primaryimage"},"image":{"@id":"https:\/\/regalaunninot.com\/es\/producto\/calendario-2026\/#primaryimage"},"thumbnailUrl":"https:\/\/regalaunninot.com\/wp-content\/uploads\/2025\/12\/PORTADA-scaled.png","datePublished":"2025-12-05T11:18:58+00:00","dateModified":"2026-02-25T07:19:41+00:00","description":"Vuelve el Calendario de Ragala un Ninot y vuelve con m\u00e1s arte que nunca. \u00a1RESERVA YA EL CALENDARI 2026!","breadcrumb":{"@id":"https:\/\/regalaunninot.com\/es\/producto\/calendario-2026\/#breadcrumb"},"inLanguage":"es","potentialAction":[{"@type":"ReadAction","target":["https:\/\/regalaunninot.com\/es\/producto\/calendario-2026\/"]}]},{"@type":"ImageObject","inLanguage":"es","@id":"https:\/\/regalaunninot.com\/es\/producto\/calendario-2026\/#primaryimage","url":"https:\/\/regalaunninot.com\/wp-content\/uploads\/2025\/12\/PORTADA-scaled.png","contentUrl":"https:\/\/regalaunninot.com\/wp-content\/uploads\/2025\/12\/PORTADA-scaled.png","width":1631,"height":2048},{"@type":"BreadcrumbList","@id":"https:\/\/regalaunninot.com\/es\/producto\/calendario-2026\/#breadcrumb","itemListElement":[{"@type":"ListItem","position":1,"name":"Inici","item":"https:\/\/regalaunninot.com\/es\/"},{"@type":"ListItem","position":2,"name":"Productos","item":"https:\/\/regalaunninot.com\/es\/productos\/"},{"@type":"ListItem","position":3,"name":"Calendario Regala Un Ninot 2026"}]},{"@type":"WebSite","@id":"https:\/\/regalaunninot.com\/es\/#website","url":"https:\/\/regalaunninot.com\/es\/","name":"\ud83c\udf81 Regala Un Ninot \u200d\ud83c\udfa8","description":"Regala la creatividad de nuestros artistas falleros y foguereros","publisher":{"@id":"https:\/\/regalaunninot.com\/es\/#organization"},"potentialAction":[{"@type":"SearchAction","target":{"@type":"EntryPoint","urlTemplate":"https:\/\/regalaunninot.com\/es\/?s={search_term_string}"},"query-input":{"@type":"PropertyValueSpecification","valueRequired":true,"valueName":"search_term_string"}}],"inLanguage":"es"},{"@type":"Organization","@id":"https:\/\/regalaunninot.com\/es\/#organization","name":"Regala Un Ninot","url":"https:\/\/regalaunninot.com\/es\/","logo":{"@type":"ImageObject","inLanguage":"es","@id":"https:\/\/regalaunninot.com\/es\/#\/schema\/logo\/image\/","url":"https:\/\/regalaunninot.com\/wp-content\/uploads\/2020\/12\/logo-regala-un-ninot-h.png","contentUrl":"https:\/\/regalaunninot.com\/wp-content\/uploads\/2020\/12\/logo-regala-un-ninot-h.png","width":1787,"height":705,"caption":"Regala Un Ninot"},"image":{"@id":"https:\/\/regalaunninot.com\/es\/#\/schema\/logo\/image\/"}}]},"og_availability":"instock","product_availability":"instock","product_condition":"new"},"_links":{"self":[{"href":"https:\/\/regalaunninot.com\/es\/wp-json\/wp\/v2\/product\/11296","targetHints":{"allow":["GET"]}}],"collection":[{"href":"https:\/\/regalaunninot.com\/es\/wp-json\/wp\/v2\/product"}],"about":[{"href":"https:\/\/regalaunninot.com\/es\/wp-json\/wp\/v2\/types\/product"}],"replies":[{"embeddable":true,"href":"https:\/\/regalaunninot.com\/es\/wp-json\/wp\/v2\/comments?post=11296"}],"wp:featuredmedia":[{"embeddable":true,"href":"https:\/\/regalaunninot.com\/es\/wp-json\/wp\/v2\/media\/11320"}],"wp:attachment":[{"href":"https:\/\/regalaunninot.com\/es\/wp-json\/wp\/v2\/media?parent=11296"}],"wp:term":[{"taxonomy":"product_brand","embeddable":true,"href":"https:\/\/regalaunninot.com\/es\/wp-json\/wp\/v2\/product_brand?post=11296"},{"taxonomy":"product_cat","embeddable":true,"href":"https:\/\/regalaunninot.com\/es\/wp-json\/wp\/v2\/product_cat?post=11296"},{"taxonomy":"product_tag","embeddable":true,"href":"https:\/\/regalaunninot.com\/es\/wp-json\/wp\/v2\/product_tag?post=11296"}],"curies":[{"name":"wp","href":"https:\/\/api.w.org\/{rel}","templated":true}]}}