{"id":1206,"date":"2020-07-27T17:40:25","date_gmt":"2020-07-27T15:54:13","guid":{"rendered":"https:\/\/regalaunninot.com\/?post_type=product&#038;p=1206"},"modified":"2024-03-11T20:19:07","modified_gmt":"2024-03-11T19:19:07","slug":"miercoles-addams","status":"publish","type":"product","link":"https:\/\/regalaunninot.com\/es\/producto\/miercoles-addams\/","title":{"rendered":"Mi\u00e9rcoles Addams"},"content":{"rendered":"<p>Esta es Mi\u00e9rcoles, Mi\u00e9rcoles Addams. Se caracteriza por tener una piel p\u00e1lida y largas trenzas, es una ni\u00f1a un poco s\u00e1dica y l\u00fagubre. Las torturas son uno de sus fuertes, como podr\u00e1 apreciarse en la falla Jes\u00fas San Francisco de Borja del a\u00f1o 2021.<\/p>\n<p>Aunque es un personaje muy oscuro, nosotros os traemos la versi\u00f3n m\u00e1s colorida de ella, esperamos que la disfruteis tanto como lo hemos hecho nosotros, es una de las piezas que m\u00e1s ganas tenemos de que ve\u00e1is en la calle, por eso esta edici\u00f3n de ella.<\/p>\n<p>Precio:<\/p>\n<p>1 Pieza&#8212;&#8211;50 \u20ac<br \/>\n2 Piezas&#8212;-95 \u20ac<br \/>\n3 Piezas&#8212;140 \u20ac<br \/>\n4 Piezas&#8212;185 \u20ac<br \/>\n5 Piezas&#8212;230 \u20ac<br \/>\n6 Piezas&#8212;275 \u20ac<br \/>\n7 Piezas&#8212;300 \u20ac<\/p>\n","protected":false},"excerpt":{"rendered":"<p>Esta es Mi\u00e9rcoles, Mi\u00e9rcoles Addams. Se caracteriza por tener una piel p\u00e1lida y largas trenzas, es una ni\u00f1a un poco s\u00e1dica y l\u00fagubre. Las torturas son uno de sus fuertes, como podr\u00e1 apreciarse en la falla Jes\u00fas San Francisco de Borja del a\u00f1o 2021. Aunque es un personaje muy oscuro, nosotros os traemos la versi\u00f3n [&hellip;]<\/p>\n","protected":false},"featured_media":1202,"comment_status":"closed","ping_status":"closed","template":"","meta":[],"product_brand":[],"product_cat":[],"product_tag":[],"class_list":{"0":"post-1206","1":"product","2":"type-product","3":"status-publish","4":"has-post-thumbnail","7":"first","8":"instock","9":"taxable","10":"shipping-taxable","11":"purchasable","12":"product-type-simple"},"acf":[],"yoast_head":"<!-- This site is optimized with the Yoast SEO Premium plugin v19.3 (Yoast SEO v26.5) - https:\/\/yoast.com\/wordpress\/plugins\/seo\/ -->\n<title>Mi\u00e9rcoles Addams | \ud83c\udf81 Regala Un Ninot \u200d\ud83c\udfa8<\/title>\n<meta name=\"robots\" content=\"index, follow, max-snippet:-1, max-image-preview:large, max-video-preview:-1\" \/>\n<link rel=\"canonical\" href=\"https:\/\/regalaunninot.com\/es\/producto\/miercoles-addams\/\" \/>\n<meta property=\"og:locale\" content=\"es_ES\" \/>\n<meta property=\"og:type\" content=\"article\" \/>\n<meta property=\"og:title\" content=\"Mi\u00e9rcoles Addams\" \/>\n<meta property=\"og:description\" content=\"Esta es Mi\u00e9rcoles, Mi\u00e9rcoles Addams. Se caracteriza por tener una piel p\u00e1lida y largas trenzas, es una ni\u00f1a un poco s\u00e1dica y l\u00fagubre. Las torturas son uno de sus fuertes, como podr\u00e1 apreciarse en la falla Jes\u00fas San Francisco de Borja del a\u00f1o 2021. Aunque es un personaje muy oscuro, nosotros os traemos la versi\u00f3n [&hellip;]\" \/>\n<meta property=\"og:url\" content=\"https:\/\/regalaunninot.com\/es\/producto\/miercoles-addams\/\" \/>\n<meta property=\"og:site_name\" content=\"\ud83c\udf81 Regala Un Ninot \u200d\ud83c\udfa8\" \/>\n<meta property=\"article:modified_time\" content=\"2024-03-11T19:19:07+00:00\" \/>\n<meta property=\"og:image\" content=\"https:\/\/regalaunninot.com\/wp-content\/uploads\/2020\/07\/20200727_141240-01.jpeg\" \/>\n\t<meta property=\"og:image:width\" content=\"1788\" \/>\n\t<meta property=\"og:image:height\" content=\"900\" \/>\n\t<meta property=\"og:image:type\" content=\"image\/jpeg\" \/>\n<meta name=\"twitter:card\" content=\"summary_large_image\" \/>\n<meta name=\"twitter:label1\" content=\"Precio\" \/>\n\t<meta name=\"twitter:data1\" content=\"70&euro;\" \/>\n\t<meta name=\"twitter:label2\" content=\"Availability\" \/>\n\t<meta name=\"twitter:data2\" content=\"In stock\" \/>\n<script type=\"application\/ld+json\" class=\"yoast-schema-graph\">{\"@context\":\"https:\/\/schema.org\",\"@graph\":[{\"@type\":\"WebPage\",\"@id\":\"https:\/\/regalaunninot.com\/es\/producto\/miercoles-addams\/\",\"url\":\"https:\/\/regalaunninot.com\/es\/producto\/miercoles-addams\/\",\"name\":\"Mi\u00e9rcoles Addams | \ud83c\udf81 Regala Un Ninot \u200d\ud83c\udfa8\",\"isPartOf\":{\"@id\":\"https:\/\/regalaunninot.com\/es\/#website\"},\"primaryImageOfPage\":{\"@id\":\"https:\/\/regalaunninot.com\/es\/producto\/miercoles-addams\/#primaryimage\"},\"image\":{\"@id\":\"https:\/\/regalaunninot.com\/es\/producto\/miercoles-addams\/#primaryimage\"},\"thumbnailUrl\":\"https:\/\/regalaunninot.com\/wp-content\/uploads\/2020\/07\/20200727_141240-01.jpeg\",\"datePublished\":\"2020-07-27T15:54:13+00:00\",\"dateModified\":\"2024-03-11T19:19:07+00:00\",\"breadcrumb\":{\"@id\":\"https:\/\/regalaunninot.com\/es\/producto\/miercoles-addams\/#breadcrumb\"},\"inLanguage\":\"es\",\"potentialAction\":[{\"@type\":\"ReadAction\",\"target\":[\"https:\/\/regalaunninot.com\/es\/producto\/miercoles-addams\/\"]}]},{\"@type\":\"ImageObject\",\"inLanguage\":\"es\",\"@id\":\"https:\/\/regalaunninot.com\/es\/producto\/miercoles-addams\/#primaryimage\",\"url\":\"https:\/\/regalaunninot.com\/wp-content\/uploads\/2020\/07\/20200727_141240-01.jpeg\",\"contentUrl\":\"https:\/\/regalaunninot.com\/wp-content\/uploads\/2020\/07\/20200727_141240-01.jpeg\",\"width\":1788,\"height\":900},{\"@type\":\"BreadcrumbList\",\"@id\":\"https:\/\/regalaunninot.com\/es\/producto\/miercoles-addams\/#breadcrumb\",\"itemListElement\":[{\"@type\":\"ListItem\",\"position\":1,\"name\":\"Inici\",\"item\":\"https:\/\/regalaunninot.com\/es\/\"},{\"@type\":\"ListItem\",\"position\":2,\"name\":\"Productos\",\"item\":\"https:\/\/regalaunninot.com\/es\/productos\/\"},{\"@type\":\"ListItem\",\"position\":3,\"name\":\"Mi\u00e9rcoles Addams\"}]},{\"@type\":\"WebSite\",\"@id\":\"https:\/\/regalaunninot.com\/es\/#website\",\"url\":\"https:\/\/regalaunninot.com\/es\/\",\"name\":\"\ud83c\udf81 Regala Un Ninot \u200d\ud83c\udfa8\",\"description\":\"Regala la creatividad de nuestros artistas falleros y foguereros\",\"publisher\":{\"@id\":\"https:\/\/regalaunninot.com\/es\/#organization\"},\"potentialAction\":[{\"@type\":\"SearchAction\",\"target\":{\"@type\":\"EntryPoint\",\"urlTemplate\":\"https:\/\/regalaunninot.com\/es\/?s={search_term_string}\"},\"query-input\":{\"@type\":\"PropertyValueSpecification\",\"valueRequired\":true,\"valueName\":\"search_term_string\"}}],\"inLanguage\":\"es\"},{\"@type\":\"Organization\",\"@id\":\"https:\/\/regalaunninot.com\/es\/#organization\",\"name\":\"Regala Un Ninot\",\"url\":\"https:\/\/regalaunninot.com\/es\/\",\"logo\":{\"@type\":\"ImageObject\",\"inLanguage\":\"es\",\"@id\":\"https:\/\/regalaunninot.com\/es\/#\/schema\/logo\/image\/\",\"url\":\"https:\/\/regalaunninot.com\/wp-content\/uploads\/2020\/12\/logo-regala-un-ninot-h.png\",\"contentUrl\":\"https:\/\/regalaunninot.com\/wp-content\/uploads\/2020\/12\/logo-regala-un-ninot-h.png\",\"width\":1787,\"height\":705,\"caption\":\"Regala Un Ninot\"},\"image\":{\"@id\":\"https:\/\/regalaunninot.com\/es\/#\/schema\/logo\/image\/\"}}]}<\/script>\n<meta property=\"product:price:amount\" content=\"70.00\" \/>\n<meta property=\"product:price:currency\" content=\"EUR\" \/>\n<meta property=\"og:availability\" content=\"instock\" \/>\n<meta property=\"product:availability\" content=\"instock\" \/>\n<meta property=\"product:condition\" content=\"new\" \/>\n<!-- \/ Yoast SEO Premium plugin. -->","yoast_head_json":{"title":"Mi\u00e9rcoles Addams | \ud83c\udf81 Regala Un Ninot \u200d\ud83c\udfa8","robots":{"index":"index","follow":"follow","max-snippet":"max-snippet:-1","max-image-preview":"max-image-preview:large","max-video-preview":"max-video-preview:-1"},"canonical":"https:\/\/regalaunninot.com\/es\/producto\/miercoles-addams\/","og_locale":"es_ES","og_type":"article","og_title":"Mi\u00e9rcoles Addams","og_description":"Esta es Mi\u00e9rcoles, Mi\u00e9rcoles Addams. Se caracteriza por tener una piel p\u00e1lida y largas trenzas, es una ni\u00f1a un poco s\u00e1dica y l\u00fagubre. Las torturas son uno de sus fuertes, como podr\u00e1 apreciarse en la falla Jes\u00fas San Francisco de Borja del a\u00f1o 2021. Aunque es un personaje muy oscuro, nosotros os traemos la versi\u00f3n [&hellip;]","og_url":"https:\/\/regalaunninot.com\/es\/producto\/miercoles-addams\/","og_site_name":"\ud83c\udf81 Regala Un Ninot \u200d\ud83c\udfa8","article_modified_time":"2024-03-11T19:19:07+00:00","og_image":[{"width":1788,"height":900,"url":"https:\/\/regalaunninot.com\/wp-content\/uploads\/2020\/07\/20200727_141240-01.jpeg","type":"image\/jpeg"}],"twitter_card":"summary_large_image","twitter_misc":{"Precio":"70&euro;","Availability":"In stock"},"schema":{"@context":"https:\/\/schema.org","@graph":[{"@type":"WebPage","@id":"https:\/\/regalaunninot.com\/es\/producto\/miercoles-addams\/","url":"https:\/\/regalaunninot.com\/es\/producto\/miercoles-addams\/","name":"Mi\u00e9rcoles Addams | \ud83c\udf81 Regala Un Ninot \u200d\ud83c\udfa8","isPartOf":{"@id":"https:\/\/regalaunninot.com\/es\/#website"},"primaryImageOfPage":{"@id":"https:\/\/regalaunninot.com\/es\/producto\/miercoles-addams\/#primaryimage"},"image":{"@id":"https:\/\/regalaunninot.com\/es\/producto\/miercoles-addams\/#primaryimage"},"thumbnailUrl":"https:\/\/regalaunninot.com\/wp-content\/uploads\/2020\/07\/20200727_141240-01.jpeg","datePublished":"2020-07-27T15:54:13+00:00","dateModified":"2024-03-11T19:19:07+00:00","breadcrumb":{"@id":"https:\/\/regalaunninot.com\/es\/producto\/miercoles-addams\/#breadcrumb"},"inLanguage":"es","potentialAction":[{"@type":"ReadAction","target":["https:\/\/regalaunninot.com\/es\/producto\/miercoles-addams\/"]}]},{"@type":"ImageObject","inLanguage":"es","@id":"https:\/\/regalaunninot.com\/es\/producto\/miercoles-addams\/#primaryimage","url":"https:\/\/regalaunninot.com\/wp-content\/uploads\/2020\/07\/20200727_141240-01.jpeg","contentUrl":"https:\/\/regalaunninot.com\/wp-content\/uploads\/2020\/07\/20200727_141240-01.jpeg","width":1788,"height":900},{"@type":"BreadcrumbList","@id":"https:\/\/regalaunninot.com\/es\/producto\/miercoles-addams\/#breadcrumb","itemListElement":[{"@type":"ListItem","position":1,"name":"Inici","item":"https:\/\/regalaunninot.com\/es\/"},{"@type":"ListItem","position":2,"name":"Productos","item":"https:\/\/regalaunninot.com\/es\/productos\/"},{"@type":"ListItem","position":3,"name":"Mi\u00e9rcoles Addams"}]},{"@type":"WebSite","@id":"https:\/\/regalaunninot.com\/es\/#website","url":"https:\/\/regalaunninot.com\/es\/","name":"\ud83c\udf81 Regala Un Ninot \u200d\ud83c\udfa8","description":"Regala la creatividad de nuestros artistas falleros y foguereros","publisher":{"@id":"https:\/\/regalaunninot.com\/es\/#organization"},"potentialAction":[{"@type":"SearchAction","target":{"@type":"EntryPoint","urlTemplate":"https:\/\/regalaunninot.com\/es\/?s={search_term_string}"},"query-input":{"@type":"PropertyValueSpecification","valueRequired":true,"valueName":"search_term_string"}}],"inLanguage":"es"},{"@type":"Organization","@id":"https:\/\/regalaunninot.com\/es\/#organization","name":"Regala Un Ninot","url":"https:\/\/regalaunninot.com\/es\/","logo":{"@type":"ImageObject","inLanguage":"es","@id":"https:\/\/regalaunninot.com\/es\/#\/schema\/logo\/image\/","url":"https:\/\/regalaunninot.com\/wp-content\/uploads\/2020\/12\/logo-regala-un-ninot-h.png","contentUrl":"https:\/\/regalaunninot.com\/wp-content\/uploads\/2020\/12\/logo-regala-un-ninot-h.png","width":1787,"height":705,"caption":"Regala Un Ninot"},"image":{"@id":"https:\/\/regalaunninot.com\/es\/#\/schema\/logo\/image\/"}}]},"product_price_amount":"70.00","product_price_currency":"EUR","og_availability":"instock","product_availability":"instock","product_condition":"new"},"_links":{"self":[{"href":"https:\/\/regalaunninot.com\/es\/wp-json\/wp\/v2\/product\/1206","targetHints":{"allow":["GET"]}}],"collection":[{"href":"https:\/\/regalaunninot.com\/es\/wp-json\/wp\/v2\/product"}],"about":[{"href":"https:\/\/regalaunninot.com\/es\/wp-json\/wp\/v2\/types\/product"}],"replies":[{"embeddable":true,"href":"https:\/\/regalaunninot.com\/es\/wp-json\/wp\/v2\/comments?post=1206"}],"wp:featuredmedia":[{"embeddable":true,"href":"https:\/\/regalaunninot.com\/es\/wp-json\/wp\/v2\/media\/1202"}],"wp:attachment":[{"href":"https:\/\/regalaunninot.com\/es\/wp-json\/wp\/v2\/media?parent=1206"}],"wp:term":[{"taxonomy":"product_brand","embeddable":true,"href":"https:\/\/regalaunninot.com\/es\/wp-json\/wp\/v2\/product_brand?post=1206"},{"taxonomy":"product_cat","embeddable":true,"href":"https:\/\/regalaunninot.com\/es\/wp-json\/wp\/v2\/product_cat?post=1206"},{"taxonomy":"product_tag","embeddable":true,"href":"https:\/\/regalaunninot.com\/es\/wp-json\/wp\/v2\/product_tag?post=1206"}],"curies":[{"name":"wp","href":"https:\/\/api.w.org\/{rel}","templated":true}]}}