{"id":1600,"date":"2020-07-09T07:50:33","date_gmt":"2020-10-02T16:06:03","guid":{"rendered":"https:\/\/regalaunninot.com\/?post_type=product&#038;p=1600"},"modified":"2021-11-17T19:55:53","modified_gmt":"2021-11-17T18:55:53","slug":"ovejitas-edicion-limitada","status":"publish","type":"product","link":"https:\/\/regalaunninot.com\/es\/producto\/ovejitas-edicion-limitada\/","title":{"rendered":"Ovejitas (edici\u00f3n limitada)"},"content":{"rendered":"<p>Edici\u00f3n limitada de 12 ovejitas-<\/p>\n<p>Cada ovejita es \u00fanica y diferente<\/p>\n","protected":false},"excerpt":{"rendered":"<p>Edici\u00f3n limitada de 12 ovejitas- Cada ovejita es \u00fanica y diferente<\/p>\n","protected":false},"featured_media":1106,"comment_status":"closed","ping_status":"closed","template":"","meta":[],"product_brand":[],"product_cat":[899],"product_tag":[564,534,772,671,670,669,668,672],"class_list":{"0":"post-1600","1":"product","2":"type-product","3":"status-publish","4":"has-post-thumbnail","6":"product_cat-mini-ninots-personalizados","7":"product_tag-animal-es","8":"product_tag-animals-es","9":"product_tag-edicion-limitada","10":"product_tag-lana-es","11":"product_tag-ovejas-es","12":"product_tag-ovelles-es","13":"product_tag-ovelletes-es","14":"product_tag-sheep-es","15":"product_shipping_class-enviament-mini-ninot-es","17":"first","18":"instock","19":"taxable","20":"shipping-taxable","21":"purchasable","22":"product-type-simple"},"acf":[],"yoast_head":"<!-- This site is optimized with the Yoast SEO Premium plugin v19.3 (Yoast SEO v26.5) - https:\/\/yoast.com\/wordpress\/plugins\/seo\/ -->\n<title>Comprar Ninot OVEJITAS - Figura | Regala un Ninot \ud83c\udf81<\/title>\n<meta name=\"robots\" content=\"index, follow, max-snippet:-1, max-image-preview:large, max-video-preview:-1\" \/>\n<link rel=\"canonical\" href=\"https:\/\/regalaunninot.com\/es\/producto\/ovejitas-edicion-limitada\/\" \/>\n<meta property=\"og:locale\" content=\"es_ES\" \/>\n<meta property=\"og:type\" content=\"article\" \/>\n<meta property=\"og:title\" content=\"Ovejitas (edici\u00f3n limitada)\" \/>\n<meta property=\"og:description\" content=\"Edici\u00f3n limitada de 12 ovejitas- Cada ovejita es \u00fanica y diferente\" \/>\n<meta property=\"og:url\" content=\"https:\/\/regalaunninot.com\/es\/producto\/ovejitas-edicion-limitada\/\" \/>\n<meta property=\"og:site_name\" content=\"\ud83c\udf81 Regala Un Ninot \u200d\ud83c\udfa8\" \/>\n<meta property=\"article:modified_time\" content=\"2021-11-17T18:55:53+00:00\" \/>\n<meta property=\"og:image\" content=\"https:\/\/regalaunninot.com\/wp-content\/uploads\/2020\/07\/IMG-20200707-WA0064.jpg\" \/>\n\t<meta property=\"og:image:width\" content=\"1600\" \/>\n\t<meta property=\"og:image:height\" content=\"1066\" \/>\n\t<meta property=\"og:image:type\" content=\"image\/jpeg\" \/>\n<meta name=\"twitter:card\" content=\"summary_large_image\" \/>\n<meta name=\"twitter:label1\" content=\"Precio\" \/>\n\t<meta name=\"twitter:data1\" content=\"120&euro;\" \/>\n\t<meta name=\"twitter:label2\" content=\"Availability\" \/>\n\t<meta name=\"twitter:data2\" content=\"In stock\" \/>\n<script type=\"application\/ld+json\" class=\"yoast-schema-graph\">{\"@context\":\"https:\/\/schema.org\",\"@graph\":[{\"@type\":\"WebPage\",\"@id\":\"https:\/\/regalaunninot.com\/es\/producto\/ovejitas-edicion-limitada\/\",\"url\":\"https:\/\/regalaunninot.com\/es\/producto\/ovejitas-edicion-limitada\/\",\"name\":\"Comprar Ninot OVEJITAS - Figura | Regala un Ninot \ud83c\udf81\",\"isPartOf\":{\"@id\":\"https:\/\/regalaunninot.com\/es\/#website\"},\"primaryImageOfPage\":{\"@id\":\"https:\/\/regalaunninot.com\/es\/producto\/ovejitas-edicion-limitada\/#primaryimage\"},\"image\":{\"@id\":\"https:\/\/regalaunninot.com\/es\/producto\/ovejitas-edicion-limitada\/#primaryimage\"},\"thumbnailUrl\":\"https:\/\/regalaunninot.com\/wp-content\/uploads\/2020\/07\/IMG-20200707-WA0064.jpg\",\"datePublished\":\"2020-10-02T16:06:03+00:00\",\"dateModified\":\"2021-11-17T18:55:53+00:00\",\"breadcrumb\":{\"@id\":\"https:\/\/regalaunninot.com\/es\/producto\/ovejitas-edicion-limitada\/#breadcrumb\"},\"inLanguage\":\"es\",\"potentialAction\":[{\"@type\":\"ReadAction\",\"target\":[\"https:\/\/regalaunninot.com\/es\/producto\/ovejitas-edicion-limitada\/\"]}]},{\"@type\":\"ImageObject\",\"inLanguage\":\"es\",\"@id\":\"https:\/\/regalaunninot.com\/es\/producto\/ovejitas-edicion-limitada\/#primaryimage\",\"url\":\"https:\/\/regalaunninot.com\/wp-content\/uploads\/2020\/07\/IMG-20200707-WA0064.jpg\",\"contentUrl\":\"https:\/\/regalaunninot.com\/wp-content\/uploads\/2020\/07\/IMG-20200707-WA0064.jpg\",\"width\":1600,\"height\":1066},{\"@type\":\"BreadcrumbList\",\"@id\":\"https:\/\/regalaunninot.com\/es\/producto\/ovejitas-edicion-limitada\/#breadcrumb\",\"itemListElement\":[{\"@type\":\"ListItem\",\"position\":1,\"name\":\"Inici\",\"item\":\"https:\/\/regalaunninot.com\/es\/\"},{\"@type\":\"ListItem\",\"position\":2,\"name\":\"Productos\",\"item\":\"https:\/\/regalaunninot.com\/es\/productos\/\"},{\"@type\":\"ListItem\",\"position\":3,\"name\":\"Ovejitas (edici\u00f3n limitada)\"}]},{\"@type\":\"WebSite\",\"@id\":\"https:\/\/regalaunninot.com\/es\/#website\",\"url\":\"https:\/\/regalaunninot.com\/es\/\",\"name\":\"\ud83c\udf81 Regala Un Ninot \u200d\ud83c\udfa8\",\"description\":\"Regala la creatividad de nuestros artistas falleros y foguereros\",\"publisher\":{\"@id\":\"https:\/\/regalaunninot.com\/es\/#organization\"},\"potentialAction\":[{\"@type\":\"SearchAction\",\"target\":{\"@type\":\"EntryPoint\",\"urlTemplate\":\"https:\/\/regalaunninot.com\/es\/?s={search_term_string}\"},\"query-input\":{\"@type\":\"PropertyValueSpecification\",\"valueRequired\":true,\"valueName\":\"search_term_string\"}}],\"inLanguage\":\"es\"},{\"@type\":\"Organization\",\"@id\":\"https:\/\/regalaunninot.com\/es\/#organization\",\"name\":\"Regala Un Ninot\",\"url\":\"https:\/\/regalaunninot.com\/es\/\",\"logo\":{\"@type\":\"ImageObject\",\"inLanguage\":\"es\",\"@id\":\"https:\/\/regalaunninot.com\/es\/#\/schema\/logo\/image\/\",\"url\":\"https:\/\/regalaunninot.com\/wp-content\/uploads\/2020\/12\/logo-regala-un-ninot-h.png\",\"contentUrl\":\"https:\/\/regalaunninot.com\/wp-content\/uploads\/2020\/12\/logo-regala-un-ninot-h.png\",\"width\":1787,\"height\":705,\"caption\":\"Regala Un Ninot\"},\"image\":{\"@id\":\"https:\/\/regalaunninot.com\/es\/#\/schema\/logo\/image\/\"}}]}<\/script>\n<meta property=\"product:price:amount\" content=\"120.00\" \/>\n<meta property=\"product:price:currency\" content=\"EUR\" \/>\n<meta property=\"og:availability\" content=\"instock\" \/>\n<meta property=\"product:availability\" content=\"instock\" \/>\n<meta property=\"product:condition\" content=\"new\" \/>\n<!-- \/ Yoast SEO Premium plugin. -->","yoast_head_json":{"title":"Comprar Ninot OVEJITAS - Figura | Regala un Ninot \ud83c\udf81","robots":{"index":"index","follow":"follow","max-snippet":"max-snippet:-1","max-image-preview":"max-image-preview:large","max-video-preview":"max-video-preview:-1"},"canonical":"https:\/\/regalaunninot.com\/es\/producto\/ovejitas-edicion-limitada\/","og_locale":"es_ES","og_type":"article","og_title":"Ovejitas (edici\u00f3n limitada)","og_description":"Edici\u00f3n limitada de 12 ovejitas- Cada ovejita es \u00fanica y diferente","og_url":"https:\/\/regalaunninot.com\/es\/producto\/ovejitas-edicion-limitada\/","og_site_name":"\ud83c\udf81 Regala Un Ninot \u200d\ud83c\udfa8","article_modified_time":"2021-11-17T18:55:53+00:00","og_image":[{"width":1600,"height":1066,"url":"https:\/\/regalaunninot.com\/wp-content\/uploads\/2020\/07\/IMG-20200707-WA0064.jpg","type":"image\/jpeg"}],"twitter_card":"summary_large_image","twitter_misc":{"Precio":"120&euro;","Availability":"In stock"},"schema":{"@context":"https:\/\/schema.org","@graph":[{"@type":"WebPage","@id":"https:\/\/regalaunninot.com\/es\/producto\/ovejitas-edicion-limitada\/","url":"https:\/\/regalaunninot.com\/es\/producto\/ovejitas-edicion-limitada\/","name":"Comprar Ninot OVEJITAS - Figura | Regala un Ninot \ud83c\udf81","isPartOf":{"@id":"https:\/\/regalaunninot.com\/es\/#website"},"primaryImageOfPage":{"@id":"https:\/\/regalaunninot.com\/es\/producto\/ovejitas-edicion-limitada\/#primaryimage"},"image":{"@id":"https:\/\/regalaunninot.com\/es\/producto\/ovejitas-edicion-limitada\/#primaryimage"},"thumbnailUrl":"https:\/\/regalaunninot.com\/wp-content\/uploads\/2020\/07\/IMG-20200707-WA0064.jpg","datePublished":"2020-10-02T16:06:03+00:00","dateModified":"2021-11-17T18:55:53+00:00","breadcrumb":{"@id":"https:\/\/regalaunninot.com\/es\/producto\/ovejitas-edicion-limitada\/#breadcrumb"},"inLanguage":"es","potentialAction":[{"@type":"ReadAction","target":["https:\/\/regalaunninot.com\/es\/producto\/ovejitas-edicion-limitada\/"]}]},{"@type":"ImageObject","inLanguage":"es","@id":"https:\/\/regalaunninot.com\/es\/producto\/ovejitas-edicion-limitada\/#primaryimage","url":"https:\/\/regalaunninot.com\/wp-content\/uploads\/2020\/07\/IMG-20200707-WA0064.jpg","contentUrl":"https:\/\/regalaunninot.com\/wp-content\/uploads\/2020\/07\/IMG-20200707-WA0064.jpg","width":1600,"height":1066},{"@type":"BreadcrumbList","@id":"https:\/\/regalaunninot.com\/es\/producto\/ovejitas-edicion-limitada\/#breadcrumb","itemListElement":[{"@type":"ListItem","position":1,"name":"Inici","item":"https:\/\/regalaunninot.com\/es\/"},{"@type":"ListItem","position":2,"name":"Productos","item":"https:\/\/regalaunninot.com\/es\/productos\/"},{"@type":"ListItem","position":3,"name":"Ovejitas (edici\u00f3n limitada)"}]},{"@type":"WebSite","@id":"https:\/\/regalaunninot.com\/es\/#website","url":"https:\/\/regalaunninot.com\/es\/","name":"\ud83c\udf81 Regala Un Ninot \u200d\ud83c\udfa8","description":"Regala la creatividad de nuestros artistas falleros y foguereros","publisher":{"@id":"https:\/\/regalaunninot.com\/es\/#organization"},"potentialAction":[{"@type":"SearchAction","target":{"@type":"EntryPoint","urlTemplate":"https:\/\/regalaunninot.com\/es\/?s={search_term_string}"},"query-input":{"@type":"PropertyValueSpecification","valueRequired":true,"valueName":"search_term_string"}}],"inLanguage":"es"},{"@type":"Organization","@id":"https:\/\/regalaunninot.com\/es\/#organization","name":"Regala Un Ninot","url":"https:\/\/regalaunninot.com\/es\/","logo":{"@type":"ImageObject","inLanguage":"es","@id":"https:\/\/regalaunninot.com\/es\/#\/schema\/logo\/image\/","url":"https:\/\/regalaunninot.com\/wp-content\/uploads\/2020\/12\/logo-regala-un-ninot-h.png","contentUrl":"https:\/\/regalaunninot.com\/wp-content\/uploads\/2020\/12\/logo-regala-un-ninot-h.png","width":1787,"height":705,"caption":"Regala Un Ninot"},"image":{"@id":"https:\/\/regalaunninot.com\/es\/#\/schema\/logo\/image\/"}}]},"product_price_amount":"120.00","product_price_currency":"EUR","og_availability":"instock","product_availability":"instock","product_condition":"new"},"_links":{"self":[{"href":"https:\/\/regalaunninot.com\/es\/wp-json\/wp\/v2\/product\/1600","targetHints":{"allow":["GET"]}}],"collection":[{"href":"https:\/\/regalaunninot.com\/es\/wp-json\/wp\/v2\/product"}],"about":[{"href":"https:\/\/regalaunninot.com\/es\/wp-json\/wp\/v2\/types\/product"}],"replies":[{"embeddable":true,"href":"https:\/\/regalaunninot.com\/es\/wp-json\/wp\/v2\/comments?post=1600"}],"wp:featuredmedia":[{"embeddable":true,"href":"https:\/\/regalaunninot.com\/es\/wp-json\/wp\/v2\/media\/1106"}],"wp:attachment":[{"href":"https:\/\/regalaunninot.com\/es\/wp-json\/wp\/v2\/media?parent=1600"}],"wp:term":[{"taxonomy":"product_brand","embeddable":true,"href":"https:\/\/regalaunninot.com\/es\/wp-json\/wp\/v2\/product_brand?post=1600"},{"taxonomy":"product_cat","embeddable":true,"href":"https:\/\/regalaunninot.com\/es\/wp-json\/wp\/v2\/product_cat?post=1600"},{"taxonomy":"product_tag","embeddable":true,"href":"https:\/\/regalaunninot.com\/es\/wp-json\/wp\/v2\/product_tag?post=1600"}],"curies":[{"name":"wp","href":"https:\/\/api.w.org\/{rel}","templated":true}]}}