{"id":1730,"date":"2020-06-10T16:46:56","date_gmt":"2020-10-07T14:24:51","guid":{"rendered":"https:\/\/regalaunninot.com\/?post_type=product&#038;p=1730"},"modified":"2024-03-11T20:16:57","modified_gmt":"2024-03-11T19:16:57","slug":"blanca","status":"publish","type":"product","link":"https:\/\/regalaunninot.com\/es\/producto\/blanca\/","title":{"rendered":"Blanca"},"content":{"rendered":"<p>Tienes un regalo que hacer y a esa persona le gusta Blancanieves? Es tu regalo! Un detalle \u00fanico y exclusivo que seguro que le encanta. Tambi\u00e9n disponible con pintura de cera. A la galer\u00eda puedes encontrar ejemplos. Ind\u00edcanos que estilo te gustar\u00eda y te lo enviamos! \u00a0<\/p>\n","protected":false},"excerpt":{"rendered":"<p>Tienes un regalo que hacer y a esa persona le gusta Blancanieves? Es tu regalo! Un detalle \u00fanico y exclusivo que seguro que le encanta. Tambi\u00e9n disponible con pintura de cera. A la galer\u00eda puedes encontrar ejemplos. Ind\u00edcanos que estilo te gustar\u00eda y te lo enviamos! \u00a0<\/p>\n","protected":false},"featured_media":1732,"comment_status":"closed","ping_status":"closed","template":"","meta":[],"product_brand":[],"product_cat":[899],"product_tag":[581,579,577,578,571,834,941,771,1218,568,582,580,1216],"class_list":{"0":"post-1730","1":"product","2":"type-product","3":"status-publish","4":"has-post-thumbnail","6":"product_cat-mini-ninots-personalizados","7":"product_tag-apple-es","8":"product_tag-blancaneus-es","9":"product_tag-blancanieves-es","10":"product_tag-disney-es","11":"product_tag-manzana-es","12":"product_tag-ninot-de-aniversari-es","13":"product_tag-ninot-de-pareja-es","14":"product_tag-ninot-de-pelicula-es","15":"product_tag-ninots-san-valentin","16":"product_tag-personatge-es","17":"product_tag-poma-es","18":"product_tag-princesa-disney-es","19":"product_tag-regalo-san-valentin","20":"product_shipping_class-enviament-mini-ninot-es","22":"first","23":"instock","24":"taxable","25":"shipping-taxable","26":"purchasable","27":"product-type-simple"},"acf":[],"yoast_head":"<!-- This site is optimized with the Yoast SEO Premium plugin v19.3 (Yoast SEO v26.5) - https:\/\/yoast.com\/wordpress\/plugins\/seo\/ -->\n<title>Blanca | \ud83c\udf81 Regala Un Ninot \u200d\ud83c\udfa8<\/title>\n<meta name=\"robots\" content=\"index, follow, max-snippet:-1, max-image-preview:large, max-video-preview:-1\" \/>\n<link rel=\"canonical\" href=\"https:\/\/regalaunninot.com\/es\/producto\/blanca\/\" \/>\n<meta property=\"og:locale\" content=\"es_ES\" \/>\n<meta property=\"og:type\" content=\"article\" \/>\n<meta property=\"og:title\" content=\"Blanca\" \/>\n<meta property=\"og:description\" content=\"Tienes un regalo que hacer y a esa persona le gusta Blancanieves? Es tu regalo! Un detalle \u00fanico y exclusivo que seguro que le encanta. Tambi\u00e9n disponible con pintura de cera. A la galer\u00eda puedes encontrar ejemplos. Ind\u00edcanos que estilo te gustar\u00eda y te lo enviamos! \u00a0\" \/>\n<meta property=\"og:url\" content=\"https:\/\/regalaunninot.com\/es\/producto\/blanca\/\" \/>\n<meta property=\"og:site_name\" content=\"\ud83c\udf81 Regala Un Ninot \u200d\ud83c\udfa8\" \/>\n<meta property=\"article:modified_time\" content=\"2024-03-11T19:16:57+00:00\" \/>\n<meta property=\"og:image\" content=\"https:\/\/regalaunninot.com\/wp-content\/uploads\/2020\/06\/WhatsApp-Image-2020-06-10-at-16.55.44-1.jpeg\" \/>\n\t<meta property=\"og:image:width\" content=\"720\" \/>\n\t<meta property=\"og:image:height\" content=\"720\" \/>\n\t<meta property=\"og:image:type\" content=\"image\/jpeg\" \/>\n<meta name=\"twitter:card\" content=\"summary_large_image\" \/>\n<meta name=\"twitter:label1\" content=\"Precio\" \/>\n\t<meta name=\"twitter:data1\" content=\"170&euro;\" \/>\n\t<meta name=\"twitter:label2\" content=\"Availability\" \/>\n\t<meta name=\"twitter:data2\" content=\"In stock\" \/>\n<script type=\"application\/ld+json\" class=\"yoast-schema-graph\">{\"@context\":\"https:\/\/schema.org\",\"@graph\":[{\"@type\":\"WebPage\",\"@id\":\"https:\/\/regalaunninot.com\/es\/producto\/blanca\/\",\"url\":\"https:\/\/regalaunninot.com\/es\/producto\/blanca\/\",\"name\":\"Blanca | \ud83c\udf81 Regala Un Ninot \u200d\ud83c\udfa8\",\"isPartOf\":{\"@id\":\"https:\/\/regalaunninot.com\/es\/#website\"},\"primaryImageOfPage\":{\"@id\":\"https:\/\/regalaunninot.com\/es\/producto\/blanca\/#primaryimage\"},\"image\":{\"@id\":\"https:\/\/regalaunninot.com\/es\/producto\/blanca\/#primaryimage\"},\"thumbnailUrl\":\"https:\/\/regalaunninot.com\/wp-content\/uploads\/2020\/06\/WhatsApp-Image-2020-06-10-at-16.55.44-1.jpeg\",\"datePublished\":\"2020-10-07T14:24:51+00:00\",\"dateModified\":\"2024-03-11T19:16:57+00:00\",\"breadcrumb\":{\"@id\":\"https:\/\/regalaunninot.com\/es\/producto\/blanca\/#breadcrumb\"},\"inLanguage\":\"es\",\"potentialAction\":[{\"@type\":\"ReadAction\",\"target\":[\"https:\/\/regalaunninot.com\/es\/producto\/blanca\/\"]}]},{\"@type\":\"ImageObject\",\"inLanguage\":\"es\",\"@id\":\"https:\/\/regalaunninot.com\/es\/producto\/blanca\/#primaryimage\",\"url\":\"https:\/\/regalaunninot.com\/wp-content\/uploads\/2020\/06\/WhatsApp-Image-2020-06-10-at-16.55.44-1.jpeg\",\"contentUrl\":\"https:\/\/regalaunninot.com\/wp-content\/uploads\/2020\/06\/WhatsApp-Image-2020-06-10-at-16.55.44-1.jpeg\",\"width\":720,\"height\":720},{\"@type\":\"BreadcrumbList\",\"@id\":\"https:\/\/regalaunninot.com\/es\/producto\/blanca\/#breadcrumb\",\"itemListElement\":[{\"@type\":\"ListItem\",\"position\":1,\"name\":\"Inici\",\"item\":\"https:\/\/regalaunninot.com\/es\/\"},{\"@type\":\"ListItem\",\"position\":2,\"name\":\"Productos\",\"item\":\"https:\/\/regalaunninot.com\/es\/productos\/\"},{\"@type\":\"ListItem\",\"position\":3,\"name\":\"Blanca\"}]},{\"@type\":\"WebSite\",\"@id\":\"https:\/\/regalaunninot.com\/es\/#website\",\"url\":\"https:\/\/regalaunninot.com\/es\/\",\"name\":\"\ud83c\udf81 Regala Un Ninot \u200d\ud83c\udfa8\",\"description\":\"Regala la creatividad de nuestros artistas falleros y foguereros\",\"publisher\":{\"@id\":\"https:\/\/regalaunninot.com\/es\/#organization\"},\"potentialAction\":[{\"@type\":\"SearchAction\",\"target\":{\"@type\":\"EntryPoint\",\"urlTemplate\":\"https:\/\/regalaunninot.com\/es\/?s={search_term_string}\"},\"query-input\":{\"@type\":\"PropertyValueSpecification\",\"valueRequired\":true,\"valueName\":\"search_term_string\"}}],\"inLanguage\":\"es\"},{\"@type\":\"Organization\",\"@id\":\"https:\/\/regalaunninot.com\/es\/#organization\",\"name\":\"Regala Un Ninot\",\"url\":\"https:\/\/regalaunninot.com\/es\/\",\"logo\":{\"@type\":\"ImageObject\",\"inLanguage\":\"es\",\"@id\":\"https:\/\/regalaunninot.com\/es\/#\/schema\/logo\/image\/\",\"url\":\"https:\/\/regalaunninot.com\/wp-content\/uploads\/2020\/12\/logo-regala-un-ninot-h.png\",\"contentUrl\":\"https:\/\/regalaunninot.com\/wp-content\/uploads\/2020\/12\/logo-regala-un-ninot-h.png\",\"width\":1787,\"height\":705,\"caption\":\"Regala Un Ninot\"},\"image\":{\"@id\":\"https:\/\/regalaunninot.com\/es\/#\/schema\/logo\/image\/\"}}]}<\/script>\n<meta property=\"product:price:amount\" content=\"170.00\" \/>\n<meta property=\"product:price:currency\" content=\"EUR\" \/>\n<meta property=\"og:availability\" content=\"instock\" \/>\n<meta property=\"product:availability\" content=\"instock\" \/>\n<meta property=\"product:condition\" content=\"new\" \/>\n<!-- \/ Yoast SEO Premium plugin. -->","yoast_head_json":{"title":"Blanca | \ud83c\udf81 Regala Un Ninot \u200d\ud83c\udfa8","robots":{"index":"index","follow":"follow","max-snippet":"max-snippet:-1","max-image-preview":"max-image-preview:large","max-video-preview":"max-video-preview:-1"},"canonical":"https:\/\/regalaunninot.com\/es\/producto\/blanca\/","og_locale":"es_ES","og_type":"article","og_title":"Blanca","og_description":"Tienes un regalo que hacer y a esa persona le gusta Blancanieves? Es tu regalo! Un detalle \u00fanico y exclusivo que seguro que le encanta. Tambi\u00e9n disponible con pintura de cera. A la galer\u00eda puedes encontrar ejemplos. Ind\u00edcanos que estilo te gustar\u00eda y te lo enviamos! \u00a0","og_url":"https:\/\/regalaunninot.com\/es\/producto\/blanca\/","og_site_name":"\ud83c\udf81 Regala Un Ninot \u200d\ud83c\udfa8","article_modified_time":"2024-03-11T19:16:57+00:00","og_image":[{"width":720,"height":720,"url":"https:\/\/regalaunninot.com\/wp-content\/uploads\/2020\/06\/WhatsApp-Image-2020-06-10-at-16.55.44-1.jpeg","type":"image\/jpeg"}],"twitter_card":"summary_large_image","twitter_misc":{"Precio":"170&euro;","Availability":"In stock"},"schema":{"@context":"https:\/\/schema.org","@graph":[{"@type":"WebPage","@id":"https:\/\/regalaunninot.com\/es\/producto\/blanca\/","url":"https:\/\/regalaunninot.com\/es\/producto\/blanca\/","name":"Blanca | \ud83c\udf81 Regala Un Ninot \u200d\ud83c\udfa8","isPartOf":{"@id":"https:\/\/regalaunninot.com\/es\/#website"},"primaryImageOfPage":{"@id":"https:\/\/regalaunninot.com\/es\/producto\/blanca\/#primaryimage"},"image":{"@id":"https:\/\/regalaunninot.com\/es\/producto\/blanca\/#primaryimage"},"thumbnailUrl":"https:\/\/regalaunninot.com\/wp-content\/uploads\/2020\/06\/WhatsApp-Image-2020-06-10-at-16.55.44-1.jpeg","datePublished":"2020-10-07T14:24:51+00:00","dateModified":"2024-03-11T19:16:57+00:00","breadcrumb":{"@id":"https:\/\/regalaunninot.com\/es\/producto\/blanca\/#breadcrumb"},"inLanguage":"es","potentialAction":[{"@type":"ReadAction","target":["https:\/\/regalaunninot.com\/es\/producto\/blanca\/"]}]},{"@type":"ImageObject","inLanguage":"es","@id":"https:\/\/regalaunninot.com\/es\/producto\/blanca\/#primaryimage","url":"https:\/\/regalaunninot.com\/wp-content\/uploads\/2020\/06\/WhatsApp-Image-2020-06-10-at-16.55.44-1.jpeg","contentUrl":"https:\/\/regalaunninot.com\/wp-content\/uploads\/2020\/06\/WhatsApp-Image-2020-06-10-at-16.55.44-1.jpeg","width":720,"height":720},{"@type":"BreadcrumbList","@id":"https:\/\/regalaunninot.com\/es\/producto\/blanca\/#breadcrumb","itemListElement":[{"@type":"ListItem","position":1,"name":"Inici","item":"https:\/\/regalaunninot.com\/es\/"},{"@type":"ListItem","position":2,"name":"Productos","item":"https:\/\/regalaunninot.com\/es\/productos\/"},{"@type":"ListItem","position":3,"name":"Blanca"}]},{"@type":"WebSite","@id":"https:\/\/regalaunninot.com\/es\/#website","url":"https:\/\/regalaunninot.com\/es\/","name":"\ud83c\udf81 Regala Un Ninot \u200d\ud83c\udfa8","description":"Regala la creatividad de nuestros artistas falleros y foguereros","publisher":{"@id":"https:\/\/regalaunninot.com\/es\/#organization"},"potentialAction":[{"@type":"SearchAction","target":{"@type":"EntryPoint","urlTemplate":"https:\/\/regalaunninot.com\/es\/?s={search_term_string}"},"query-input":{"@type":"PropertyValueSpecification","valueRequired":true,"valueName":"search_term_string"}}],"inLanguage":"es"},{"@type":"Organization","@id":"https:\/\/regalaunninot.com\/es\/#organization","name":"Regala Un Ninot","url":"https:\/\/regalaunninot.com\/es\/","logo":{"@type":"ImageObject","inLanguage":"es","@id":"https:\/\/regalaunninot.com\/es\/#\/schema\/logo\/image\/","url":"https:\/\/regalaunninot.com\/wp-content\/uploads\/2020\/12\/logo-regala-un-ninot-h.png","contentUrl":"https:\/\/regalaunninot.com\/wp-content\/uploads\/2020\/12\/logo-regala-un-ninot-h.png","width":1787,"height":705,"caption":"Regala Un Ninot"},"image":{"@id":"https:\/\/regalaunninot.com\/es\/#\/schema\/logo\/image\/"}}]},"product_price_amount":"170.00","product_price_currency":"EUR","og_availability":"instock","product_availability":"instock","product_condition":"new"},"_links":{"self":[{"href":"https:\/\/regalaunninot.com\/es\/wp-json\/wp\/v2\/product\/1730","targetHints":{"allow":["GET"]}}],"collection":[{"href":"https:\/\/regalaunninot.com\/es\/wp-json\/wp\/v2\/product"}],"about":[{"href":"https:\/\/regalaunninot.com\/es\/wp-json\/wp\/v2\/types\/product"}],"replies":[{"embeddable":true,"href":"https:\/\/regalaunninot.com\/es\/wp-json\/wp\/v2\/comments?post=1730"}],"wp:featuredmedia":[{"embeddable":true,"href":"https:\/\/regalaunninot.com\/es\/wp-json\/wp\/v2\/media\/1732"}],"wp:attachment":[{"href":"https:\/\/regalaunninot.com\/es\/wp-json\/wp\/v2\/media?parent=1730"}],"wp:term":[{"taxonomy":"product_brand","embeddable":true,"href":"https:\/\/regalaunninot.com\/es\/wp-json\/wp\/v2\/product_brand?post=1730"},{"taxonomy":"product_cat","embeddable":true,"href":"https:\/\/regalaunninot.com\/es\/wp-json\/wp\/v2\/product_cat?post=1730"},{"taxonomy":"product_tag","embeddable":true,"href":"https:\/\/regalaunninot.com\/es\/wp-json\/wp\/v2\/product_tag?post=1730"}],"curies":[{"name":"wp","href":"https:\/\/api.w.org\/{rel}","templated":true}]}}