{"id":1859,"date":"2020-06-15T14:35:08","date_gmt":"2020-10-11T10:39:36","guid":{"rendered":"https:\/\/regalaunninot.com\/?post_type=product&#038;p=1859"},"modified":"2024-03-11T20:07:29","modified_gmt":"2024-03-11T19:07:29","slug":"figuras-novios-bodas-de-oro","status":"publish","type":"product","link":"https:\/\/regalaunninot.com\/es\/producto\/figuras-novios-bodas-de-oro\/","title":{"rendered":"Figuras Bodas de Oro"},"content":{"rendered":"<p>Etiqueta Artesania Valenciana. Producto hecho a mano.<\/p>\n<p>Se pueden a\u00f1adir detalles asi como personalizaciones en los ninots. Tambien esta la opci\u00f3n de a\u00f1adir la fecha y los nombres de madera en la base. <\/p>\n","protected":false},"excerpt":{"rendered":"<p>Etiqueta Artesania Valenciana. Producto hecho a mano. Se pueden a\u00f1adir detalles asi como personalizaciones en los ninots. Tambien esta la opci\u00f3n de a\u00f1adir la fecha y los nombres de madera en la base.<\/p>\n","protected":false},"featured_media":762,"comment_status":"closed","ping_status":"closed","template":"","meta":[],"product_brand":[],"product_cat":[899],"product_tag":[525,810,1218,527,528,524,526,563,594,1216],"class_list":{"0":"post-1859","1":"product","2":"type-product","3":"status-publish","4":"has-post-thumbnail","6":"product_cat-mini-ninots-personalizados","7":"product_tag-boda-es","8":"product_tag-ninot-de-boda-es","9":"product_tag-ninots-san-valentin","10":"product_tag-novia-es","11":"product_tag-novio-es","12":"product_tag-novios-es","13":"product_tag-pareja-de-novios-es","14":"product_tag-parella-de-novios-es","15":"product_tag-regalo-de-boda-es","16":"product_tag-regalo-san-valentin","18":"first","19":"instock","20":"taxable","21":"shipping-taxable","22":"purchasable","23":"product-type-simple"},"acf":[],"yoast_head":"<!-- This site is optimized with the Yoast SEO Premium plugin v19.3 (Yoast SEO v26.5) - https:\/\/yoast.com\/wordpress\/plugins\/seo\/ -->\n<title>Figuras Bodas de Oro | \ud83c\udf81 Regala Un Ninot \u200d\ud83c\udfa8<\/title>\n<meta name=\"description\" content=\"Regala estas fant\u00e1sticas figuras para bodas al igual que para las bodas de oro. Regalo original \u00fanico y original para un d\u00eda especial.\" \/>\n<meta name=\"robots\" content=\"index, follow, max-snippet:-1, max-image-preview:large, max-video-preview:-1\" \/>\n<link rel=\"canonical\" href=\"https:\/\/regalaunninot.com\/es\/producto\/figuras-novios-bodas-de-oro\/\" \/>\n<meta property=\"og:locale\" content=\"es_ES\" \/>\n<meta property=\"og:type\" content=\"article\" \/>\n<meta property=\"og:title\" content=\"Figuras Bodas de Oro\" \/>\n<meta property=\"og:description\" content=\"Regala estas fant\u00e1sticas figuras para bodas al igual que para las bodas de oro. Regalo original \u00fanico y original para un d\u00eda especial.\" \/>\n<meta property=\"og:url\" content=\"https:\/\/regalaunninot.com\/es\/producto\/figuras-novios-bodas-de-oro\/\" \/>\n<meta property=\"og:site_name\" content=\"\ud83c\udf81 Regala Un Ninot \u200d\ud83c\udfa8\" \/>\n<meta property=\"article:modified_time\" content=\"2024-03-11T19:07:29+00:00\" \/>\n<meta property=\"og:image\" content=\"https:\/\/regalaunninot.com\/wp-content\/uploads\/2020\/06\/784_01_016.jpg\" \/>\n\t<meta property=\"og:image:width\" content=\"1475\" \/>\n\t<meta property=\"og:image:height\" content=\"2000\" \/>\n\t<meta property=\"og:image:type\" content=\"image\/jpeg\" \/>\n<meta name=\"twitter:card\" content=\"summary_large_image\" \/>\n<meta name=\"twitter:label1\" content=\"Precio\" \/>\n\t<meta name=\"twitter:data1\" content=\"435&euro;\" \/>\n\t<meta name=\"twitter:label2\" content=\"Availability\" \/>\n\t<meta name=\"twitter:data2\" content=\"In stock\" \/>\n<script type=\"application\/ld+json\" class=\"yoast-schema-graph\">{\"@context\":\"https:\/\/schema.org\",\"@graph\":[{\"@type\":\"WebPage\",\"@id\":\"https:\/\/regalaunninot.com\/es\/producto\/figuras-novios-bodas-de-oro\/\",\"url\":\"https:\/\/regalaunninot.com\/es\/producto\/figuras-novios-bodas-de-oro\/\",\"name\":\"Figuras Bodas de Oro | \ud83c\udf81 Regala Un Ninot \u200d\ud83c\udfa8\",\"isPartOf\":{\"@id\":\"https:\/\/regalaunninot.com\/es\/#website\"},\"primaryImageOfPage\":{\"@id\":\"https:\/\/regalaunninot.com\/es\/producto\/figuras-novios-bodas-de-oro\/#primaryimage\"},\"image\":{\"@id\":\"https:\/\/regalaunninot.com\/es\/producto\/figuras-novios-bodas-de-oro\/#primaryimage\"},\"thumbnailUrl\":\"https:\/\/regalaunninot.com\/wp-content\/uploads\/2020\/06\/784_01_016.jpg\",\"datePublished\":\"2020-10-11T10:39:36+00:00\",\"dateModified\":\"2024-03-11T19:07:29+00:00\",\"description\":\"Regala estas fant\u00e1sticas figuras para bodas al igual que para las bodas de oro. Regalo original \u00fanico y original para un d\u00eda especial.\",\"breadcrumb\":{\"@id\":\"https:\/\/regalaunninot.com\/es\/producto\/figuras-novios-bodas-de-oro\/#breadcrumb\"},\"inLanguage\":\"es\",\"potentialAction\":[{\"@type\":\"ReadAction\",\"target\":[\"https:\/\/regalaunninot.com\/es\/producto\/figuras-novios-bodas-de-oro\/\"]}]},{\"@type\":\"ImageObject\",\"inLanguage\":\"es\",\"@id\":\"https:\/\/regalaunninot.com\/es\/producto\/figuras-novios-bodas-de-oro\/#primaryimage\",\"url\":\"https:\/\/regalaunninot.com\/wp-content\/uploads\/2020\/06\/784_01_016.jpg\",\"contentUrl\":\"https:\/\/regalaunninot.com\/wp-content\/uploads\/2020\/06\/784_01_016.jpg\",\"width\":1475,\"height\":2000},{\"@type\":\"BreadcrumbList\",\"@id\":\"https:\/\/regalaunninot.com\/es\/producto\/figuras-novios-bodas-de-oro\/#breadcrumb\",\"itemListElement\":[{\"@type\":\"ListItem\",\"position\":1,\"name\":\"Inici\",\"item\":\"https:\/\/regalaunninot.com\/es\/\"},{\"@type\":\"ListItem\",\"position\":2,\"name\":\"Productos\",\"item\":\"https:\/\/regalaunninot.com\/es\/productos\/\"},{\"@type\":\"ListItem\",\"position\":3,\"name\":\"Figuras Bodas de Oro\"}]},{\"@type\":\"WebSite\",\"@id\":\"https:\/\/regalaunninot.com\/es\/#website\",\"url\":\"https:\/\/regalaunninot.com\/es\/\",\"name\":\"\ud83c\udf81 Regala Un Ninot \u200d\ud83c\udfa8\",\"description\":\"Regala la creatividad de nuestros artistas falleros y foguereros\",\"publisher\":{\"@id\":\"https:\/\/regalaunninot.com\/es\/#organization\"},\"potentialAction\":[{\"@type\":\"SearchAction\",\"target\":{\"@type\":\"EntryPoint\",\"urlTemplate\":\"https:\/\/regalaunninot.com\/es\/?s={search_term_string}\"},\"query-input\":{\"@type\":\"PropertyValueSpecification\",\"valueRequired\":true,\"valueName\":\"search_term_string\"}}],\"inLanguage\":\"es\"},{\"@type\":\"Organization\",\"@id\":\"https:\/\/regalaunninot.com\/es\/#organization\",\"name\":\"Regala Un Ninot\",\"url\":\"https:\/\/regalaunninot.com\/es\/\",\"logo\":{\"@type\":\"ImageObject\",\"inLanguage\":\"es\",\"@id\":\"https:\/\/regalaunninot.com\/es\/#\/schema\/logo\/image\/\",\"url\":\"https:\/\/regalaunninot.com\/wp-content\/uploads\/2020\/12\/logo-regala-un-ninot-h.png\",\"contentUrl\":\"https:\/\/regalaunninot.com\/wp-content\/uploads\/2020\/12\/logo-regala-un-ninot-h.png\",\"width\":1787,\"height\":705,\"caption\":\"Regala Un Ninot\"},\"image\":{\"@id\":\"https:\/\/regalaunninot.com\/es\/#\/schema\/logo\/image\/\"}}]}<\/script>\n<meta property=\"product:price:amount\" content=\"435.00\" \/>\n<meta property=\"product:price:currency\" content=\"EUR\" \/>\n<meta property=\"og:availability\" content=\"instock\" \/>\n<meta property=\"product:availability\" content=\"instock\" \/>\n<meta property=\"product:condition\" content=\"new\" \/>\n<!-- \/ Yoast SEO Premium plugin. -->","yoast_head_json":{"title":"Figuras Bodas de Oro | \ud83c\udf81 Regala Un Ninot \u200d\ud83c\udfa8","description":"Regala estas fant\u00e1sticas figuras para bodas al igual que para las bodas de oro. Regalo original \u00fanico y original para un d\u00eda especial.","robots":{"index":"index","follow":"follow","max-snippet":"max-snippet:-1","max-image-preview":"max-image-preview:large","max-video-preview":"max-video-preview:-1"},"canonical":"https:\/\/regalaunninot.com\/es\/producto\/figuras-novios-bodas-de-oro\/","og_locale":"es_ES","og_type":"article","og_title":"Figuras Bodas de Oro","og_description":"Regala estas fant\u00e1sticas figuras para bodas al igual que para las bodas de oro. Regalo original \u00fanico y original para un d\u00eda especial.","og_url":"https:\/\/regalaunninot.com\/es\/producto\/figuras-novios-bodas-de-oro\/","og_site_name":"\ud83c\udf81 Regala Un Ninot \u200d\ud83c\udfa8","article_modified_time":"2024-03-11T19:07:29+00:00","og_image":[{"width":1475,"height":2000,"url":"https:\/\/regalaunninot.com\/wp-content\/uploads\/2020\/06\/784_01_016.jpg","type":"image\/jpeg"}],"twitter_card":"summary_large_image","twitter_misc":{"Precio":"435&euro;","Availability":"In stock"},"schema":{"@context":"https:\/\/schema.org","@graph":[{"@type":"WebPage","@id":"https:\/\/regalaunninot.com\/es\/producto\/figuras-novios-bodas-de-oro\/","url":"https:\/\/regalaunninot.com\/es\/producto\/figuras-novios-bodas-de-oro\/","name":"Figuras Bodas de Oro | \ud83c\udf81 Regala Un Ninot \u200d\ud83c\udfa8","isPartOf":{"@id":"https:\/\/regalaunninot.com\/es\/#website"},"primaryImageOfPage":{"@id":"https:\/\/regalaunninot.com\/es\/producto\/figuras-novios-bodas-de-oro\/#primaryimage"},"image":{"@id":"https:\/\/regalaunninot.com\/es\/producto\/figuras-novios-bodas-de-oro\/#primaryimage"},"thumbnailUrl":"https:\/\/regalaunninot.com\/wp-content\/uploads\/2020\/06\/784_01_016.jpg","datePublished":"2020-10-11T10:39:36+00:00","dateModified":"2024-03-11T19:07:29+00:00","description":"Regala estas fant\u00e1sticas figuras para bodas al igual que para las bodas de oro. Regalo original \u00fanico y original para un d\u00eda especial.","breadcrumb":{"@id":"https:\/\/regalaunninot.com\/es\/producto\/figuras-novios-bodas-de-oro\/#breadcrumb"},"inLanguage":"es","potentialAction":[{"@type":"ReadAction","target":["https:\/\/regalaunninot.com\/es\/producto\/figuras-novios-bodas-de-oro\/"]}]},{"@type":"ImageObject","inLanguage":"es","@id":"https:\/\/regalaunninot.com\/es\/producto\/figuras-novios-bodas-de-oro\/#primaryimage","url":"https:\/\/regalaunninot.com\/wp-content\/uploads\/2020\/06\/784_01_016.jpg","contentUrl":"https:\/\/regalaunninot.com\/wp-content\/uploads\/2020\/06\/784_01_016.jpg","width":1475,"height":2000},{"@type":"BreadcrumbList","@id":"https:\/\/regalaunninot.com\/es\/producto\/figuras-novios-bodas-de-oro\/#breadcrumb","itemListElement":[{"@type":"ListItem","position":1,"name":"Inici","item":"https:\/\/regalaunninot.com\/es\/"},{"@type":"ListItem","position":2,"name":"Productos","item":"https:\/\/regalaunninot.com\/es\/productos\/"},{"@type":"ListItem","position":3,"name":"Figuras Bodas de Oro"}]},{"@type":"WebSite","@id":"https:\/\/regalaunninot.com\/es\/#website","url":"https:\/\/regalaunninot.com\/es\/","name":"\ud83c\udf81 Regala Un Ninot \u200d\ud83c\udfa8","description":"Regala la creatividad de nuestros artistas falleros y foguereros","publisher":{"@id":"https:\/\/regalaunninot.com\/es\/#organization"},"potentialAction":[{"@type":"SearchAction","target":{"@type":"EntryPoint","urlTemplate":"https:\/\/regalaunninot.com\/es\/?s={search_term_string}"},"query-input":{"@type":"PropertyValueSpecification","valueRequired":true,"valueName":"search_term_string"}}],"inLanguage":"es"},{"@type":"Organization","@id":"https:\/\/regalaunninot.com\/es\/#organization","name":"Regala Un Ninot","url":"https:\/\/regalaunninot.com\/es\/","logo":{"@type":"ImageObject","inLanguage":"es","@id":"https:\/\/regalaunninot.com\/es\/#\/schema\/logo\/image\/","url":"https:\/\/regalaunninot.com\/wp-content\/uploads\/2020\/12\/logo-regala-un-ninot-h.png","contentUrl":"https:\/\/regalaunninot.com\/wp-content\/uploads\/2020\/12\/logo-regala-un-ninot-h.png","width":1787,"height":705,"caption":"Regala Un Ninot"},"image":{"@id":"https:\/\/regalaunninot.com\/es\/#\/schema\/logo\/image\/"}}]},"product_price_amount":"435.00","product_price_currency":"EUR","og_availability":"instock","product_availability":"instock","product_condition":"new"},"_links":{"self":[{"href":"https:\/\/regalaunninot.com\/es\/wp-json\/wp\/v2\/product\/1859","targetHints":{"allow":["GET"]}}],"collection":[{"href":"https:\/\/regalaunninot.com\/es\/wp-json\/wp\/v2\/product"}],"about":[{"href":"https:\/\/regalaunninot.com\/es\/wp-json\/wp\/v2\/types\/product"}],"replies":[{"embeddable":true,"href":"https:\/\/regalaunninot.com\/es\/wp-json\/wp\/v2\/comments?post=1859"}],"wp:featuredmedia":[{"embeddable":true,"href":"https:\/\/regalaunninot.com\/es\/wp-json\/wp\/v2\/media\/762"}],"wp:attachment":[{"href":"https:\/\/regalaunninot.com\/es\/wp-json\/wp\/v2\/media?parent=1859"}],"wp:term":[{"taxonomy":"product_brand","embeddable":true,"href":"https:\/\/regalaunninot.com\/es\/wp-json\/wp\/v2\/product_brand?post=1859"},{"taxonomy":"product_cat","embeddable":true,"href":"https:\/\/regalaunninot.com\/es\/wp-json\/wp\/v2\/product_cat?post=1859"},{"taxonomy":"product_tag","embeddable":true,"href":"https:\/\/regalaunninot.com\/es\/wp-json\/wp\/v2\/product_tag?post=1859"}],"curies":[{"name":"wp","href":"https:\/\/api.w.org\/{rel}","templated":true}]}}