{"id":2546,"date":"2020-06-04T17:12:41","date_gmt":"2020-06-04T15:12:41","guid":{"rendered":"https:\/\/regalaunninot.com\/producte\/pareja-de-novios\/"},"modified":"2021-11-17T19:54:58","modified_gmt":"2021-11-17T18:54:58","slug":"pareja-de-novios","status":"publish","type":"product","link":"https:\/\/regalaunninot.com\/es\/producto\/pareja-de-novios\/","title":{"rendered":"Pareja de novios"},"content":{"rendered":"<p>Figura personalizada, con nombres y fecha en el cartel. Regalo perfecto para tu pareja o para regalo de boda. Un regalo \u00fanico y exclusivo que les har\u00e1 mucha ilusi\u00f3n!<\/p>\n","protected":false},"excerpt":{"rendered":"<p>Figura personalizada, con nombres y fecha en el cartel. Regalo perfecto para tu pareja o para regalo de boda. Un regalo \u00fanico y exclusivo que les har\u00e1 mucha ilusi\u00f3n!<\/p>\n","protected":false},"featured_media":2212,"comment_status":"closed","ping_status":"closed","template":"","meta":[],"product_brand":[],"product_cat":[520],"product_tag":[550,525,809,810,1218,524,526,563,1216],"class_list":{"0":"post-2546","1":"product","2":"type-product","3":"status-publish","4":"has-post-thumbnail","6":"product_cat-ninots-fallas","7":"product_tag-amor-es","8":"product_tag-boda-es","9":"product_tag-matrimonio-es","10":"product_tag-ninot-de-boda-es","11":"product_tag-ninots-san-valentin","12":"product_tag-novios-es","13":"product_tag-pareja-de-novios-es","14":"product_tag-parella-de-novios-es","15":"product_tag-regalo-san-valentin","17":"first","18":"instock","19":"taxable","20":"shipping-taxable","21":"purchasable","22":"product-type-simple"},"acf":[],"yoast_head":"<!-- This site is optimized with the Yoast SEO Premium plugin v19.3 (Yoast SEO v26.5) - https:\/\/yoast.com\/wordpress\/plugins\/seo\/ -->\n<title>Comprar Ninot PAREJA NOVIOS - Figura | Regala un Ninot \ud83c\udf81<\/title>\n<meta name=\"robots\" content=\"index, follow, max-snippet:-1, max-image-preview:large, max-video-preview:-1\" \/>\n<link rel=\"canonical\" href=\"https:\/\/regalaunninot.com\/es\/producto\/pareja-de-novios\/\" \/>\n<meta property=\"og:locale\" content=\"es_ES\" \/>\n<meta property=\"og:type\" content=\"article\" \/>\n<meta property=\"og:title\" content=\"Pareja de novios\" \/>\n<meta property=\"og:description\" content=\"Figura personalizada, con nombres y fecha en el cartel. Regalo perfecto para tu pareja o para regalo de boda. Un regalo \u00fanico y exclusivo que les har\u00e1 mucha ilusi\u00f3n!\" \/>\n<meta property=\"og:url\" content=\"https:\/\/regalaunninot.com\/es\/producto\/pareja-de-novios\/\" \/>\n<meta property=\"og:site_name\" content=\"\ud83c\udf81 Regala Un Ninot \u200d\ud83c\udfa8\" \/>\n<meta property=\"article:modified_time\" content=\"2021-11-17T18:54:58+00:00\" \/>\n<meta property=\"og:image\" content=\"https:\/\/regalaunninot.com\/wp-content\/uploads\/2020\/06\/image3-scaled.jpeg\" \/>\n\t<meta property=\"og:image:width\" content=\"1536\" \/>\n\t<meta property=\"og:image:height\" content=\"2048\" \/>\n\t<meta property=\"og:image:type\" content=\"image\/jpeg\" \/>\n<meta name=\"twitter:card\" content=\"summary_large_image\" \/>\n<meta name=\"twitter:label1\" content=\"Precio\" \/>\n\t<meta name=\"twitter:data1\" content=\"650&euro;\" \/>\n\t<meta name=\"twitter:label2\" content=\"Availability\" \/>\n\t<meta name=\"twitter:data2\" content=\"In stock\" \/>\n<script type=\"application\/ld+json\" class=\"yoast-schema-graph\">{\"@context\":\"https:\/\/schema.org\",\"@graph\":[{\"@type\":\"WebPage\",\"@id\":\"https:\/\/regalaunninot.com\/es\/producto\/pareja-de-novios\/\",\"url\":\"https:\/\/regalaunninot.com\/es\/producto\/pareja-de-novios\/\",\"name\":\"Comprar Ninot PAREJA NOVIOS - Figura | Regala un Ninot \ud83c\udf81\",\"isPartOf\":{\"@id\":\"https:\/\/regalaunninot.com\/es\/#website\"},\"primaryImageOfPage\":{\"@id\":\"https:\/\/regalaunninot.com\/es\/producto\/pareja-de-novios\/#primaryimage\"},\"image\":{\"@id\":\"https:\/\/regalaunninot.com\/es\/producto\/pareja-de-novios\/#primaryimage\"},\"thumbnailUrl\":\"https:\/\/regalaunninot.com\/wp-content\/uploads\/2020\/06\/image3-scaled.jpeg\",\"datePublished\":\"2020-06-04T15:12:41+00:00\",\"dateModified\":\"2021-11-17T18:54:58+00:00\",\"breadcrumb\":{\"@id\":\"https:\/\/regalaunninot.com\/es\/producto\/pareja-de-novios\/#breadcrumb\"},\"inLanguage\":\"es\",\"potentialAction\":[{\"@type\":\"ReadAction\",\"target\":[\"https:\/\/regalaunninot.com\/es\/producto\/pareja-de-novios\/\"]}]},{\"@type\":\"ImageObject\",\"inLanguage\":\"es\",\"@id\":\"https:\/\/regalaunninot.com\/es\/producto\/pareja-de-novios\/#primaryimage\",\"url\":\"https:\/\/regalaunninot.com\/wp-content\/uploads\/2020\/06\/image3-scaled.jpeg\",\"contentUrl\":\"https:\/\/regalaunninot.com\/wp-content\/uploads\/2020\/06\/image3-scaled.jpeg\",\"width\":1536,\"height\":2048},{\"@type\":\"BreadcrumbList\",\"@id\":\"https:\/\/regalaunninot.com\/es\/producto\/pareja-de-novios\/#breadcrumb\",\"itemListElement\":[{\"@type\":\"ListItem\",\"position\":1,\"name\":\"Inici\",\"item\":\"https:\/\/regalaunninot.com\/es\/\"},{\"@type\":\"ListItem\",\"position\":2,\"name\":\"Productos\",\"item\":\"https:\/\/regalaunninot.com\/es\/productos\/\"},{\"@type\":\"ListItem\",\"position\":3,\"name\":\"Pareja de novios\"}]},{\"@type\":\"WebSite\",\"@id\":\"https:\/\/regalaunninot.com\/es\/#website\",\"url\":\"https:\/\/regalaunninot.com\/es\/\",\"name\":\"\ud83c\udf81 Regala Un Ninot \u200d\ud83c\udfa8\",\"description\":\"Regala la creatividad de nuestros artistas falleros y foguereros\",\"publisher\":{\"@id\":\"https:\/\/regalaunninot.com\/es\/#organization\"},\"potentialAction\":[{\"@type\":\"SearchAction\",\"target\":{\"@type\":\"EntryPoint\",\"urlTemplate\":\"https:\/\/regalaunninot.com\/es\/?s={search_term_string}\"},\"query-input\":{\"@type\":\"PropertyValueSpecification\",\"valueRequired\":true,\"valueName\":\"search_term_string\"}}],\"inLanguage\":\"es\"},{\"@type\":\"Organization\",\"@id\":\"https:\/\/regalaunninot.com\/es\/#organization\",\"name\":\"Regala Un Ninot\",\"url\":\"https:\/\/regalaunninot.com\/es\/\",\"logo\":{\"@type\":\"ImageObject\",\"inLanguage\":\"es\",\"@id\":\"https:\/\/regalaunninot.com\/es\/#\/schema\/logo\/image\/\",\"url\":\"https:\/\/regalaunninot.com\/wp-content\/uploads\/2020\/12\/logo-regala-un-ninot-h.png\",\"contentUrl\":\"https:\/\/regalaunninot.com\/wp-content\/uploads\/2020\/12\/logo-regala-un-ninot-h.png\",\"width\":1787,\"height\":705,\"caption\":\"Regala Un Ninot\"},\"image\":{\"@id\":\"https:\/\/regalaunninot.com\/es\/#\/schema\/logo\/image\/\"}}]}<\/script>\n<meta property=\"product:price:amount\" content=\"650.00\" \/>\n<meta property=\"product:price:currency\" content=\"EUR\" \/>\n<meta property=\"og:availability\" content=\"instock\" \/>\n<meta property=\"product:availability\" content=\"instock\" \/>\n<meta property=\"product:condition\" content=\"new\" \/>\n<!-- \/ Yoast SEO Premium plugin. -->","yoast_head_json":{"title":"Comprar Ninot PAREJA NOVIOS - Figura | Regala un Ninot \ud83c\udf81","robots":{"index":"index","follow":"follow","max-snippet":"max-snippet:-1","max-image-preview":"max-image-preview:large","max-video-preview":"max-video-preview:-1"},"canonical":"https:\/\/regalaunninot.com\/es\/producto\/pareja-de-novios\/","og_locale":"es_ES","og_type":"article","og_title":"Pareja de novios","og_description":"Figura personalizada, con nombres y fecha en el cartel. Regalo perfecto para tu pareja o para regalo de boda. Un regalo \u00fanico y exclusivo que les har\u00e1 mucha ilusi\u00f3n!","og_url":"https:\/\/regalaunninot.com\/es\/producto\/pareja-de-novios\/","og_site_name":"\ud83c\udf81 Regala Un Ninot \u200d\ud83c\udfa8","article_modified_time":"2021-11-17T18:54:58+00:00","og_image":[{"width":1536,"height":2048,"url":"https:\/\/regalaunninot.com\/wp-content\/uploads\/2020\/06\/image3-scaled.jpeg","type":"image\/jpeg"}],"twitter_card":"summary_large_image","twitter_misc":{"Precio":"650&euro;","Availability":"In stock"},"schema":{"@context":"https:\/\/schema.org","@graph":[{"@type":"WebPage","@id":"https:\/\/regalaunninot.com\/es\/producto\/pareja-de-novios\/","url":"https:\/\/regalaunninot.com\/es\/producto\/pareja-de-novios\/","name":"Comprar Ninot PAREJA NOVIOS - Figura | Regala un Ninot \ud83c\udf81","isPartOf":{"@id":"https:\/\/regalaunninot.com\/es\/#website"},"primaryImageOfPage":{"@id":"https:\/\/regalaunninot.com\/es\/producto\/pareja-de-novios\/#primaryimage"},"image":{"@id":"https:\/\/regalaunninot.com\/es\/producto\/pareja-de-novios\/#primaryimage"},"thumbnailUrl":"https:\/\/regalaunninot.com\/wp-content\/uploads\/2020\/06\/image3-scaled.jpeg","datePublished":"2020-06-04T15:12:41+00:00","dateModified":"2021-11-17T18:54:58+00:00","breadcrumb":{"@id":"https:\/\/regalaunninot.com\/es\/producto\/pareja-de-novios\/#breadcrumb"},"inLanguage":"es","potentialAction":[{"@type":"ReadAction","target":["https:\/\/regalaunninot.com\/es\/producto\/pareja-de-novios\/"]}]},{"@type":"ImageObject","inLanguage":"es","@id":"https:\/\/regalaunninot.com\/es\/producto\/pareja-de-novios\/#primaryimage","url":"https:\/\/regalaunninot.com\/wp-content\/uploads\/2020\/06\/image3-scaled.jpeg","contentUrl":"https:\/\/regalaunninot.com\/wp-content\/uploads\/2020\/06\/image3-scaled.jpeg","width":1536,"height":2048},{"@type":"BreadcrumbList","@id":"https:\/\/regalaunninot.com\/es\/producto\/pareja-de-novios\/#breadcrumb","itemListElement":[{"@type":"ListItem","position":1,"name":"Inici","item":"https:\/\/regalaunninot.com\/es\/"},{"@type":"ListItem","position":2,"name":"Productos","item":"https:\/\/regalaunninot.com\/es\/productos\/"},{"@type":"ListItem","position":3,"name":"Pareja de novios"}]},{"@type":"WebSite","@id":"https:\/\/regalaunninot.com\/es\/#website","url":"https:\/\/regalaunninot.com\/es\/","name":"\ud83c\udf81 Regala Un Ninot \u200d\ud83c\udfa8","description":"Regala la creatividad de nuestros artistas falleros y foguereros","publisher":{"@id":"https:\/\/regalaunninot.com\/es\/#organization"},"potentialAction":[{"@type":"SearchAction","target":{"@type":"EntryPoint","urlTemplate":"https:\/\/regalaunninot.com\/es\/?s={search_term_string}"},"query-input":{"@type":"PropertyValueSpecification","valueRequired":true,"valueName":"search_term_string"}}],"inLanguage":"es"},{"@type":"Organization","@id":"https:\/\/regalaunninot.com\/es\/#organization","name":"Regala Un Ninot","url":"https:\/\/regalaunninot.com\/es\/","logo":{"@type":"ImageObject","inLanguage":"es","@id":"https:\/\/regalaunninot.com\/es\/#\/schema\/logo\/image\/","url":"https:\/\/regalaunninot.com\/wp-content\/uploads\/2020\/12\/logo-regala-un-ninot-h.png","contentUrl":"https:\/\/regalaunninot.com\/wp-content\/uploads\/2020\/12\/logo-regala-un-ninot-h.png","width":1787,"height":705,"caption":"Regala Un Ninot"},"image":{"@id":"https:\/\/regalaunninot.com\/es\/#\/schema\/logo\/image\/"}}]},"product_price_amount":"650.00","product_price_currency":"EUR","og_availability":"instock","product_availability":"instock","product_condition":"new"},"_links":{"self":[{"href":"https:\/\/regalaunninot.com\/es\/wp-json\/wp\/v2\/product\/2546","targetHints":{"allow":["GET"]}}],"collection":[{"href":"https:\/\/regalaunninot.com\/es\/wp-json\/wp\/v2\/product"}],"about":[{"href":"https:\/\/regalaunninot.com\/es\/wp-json\/wp\/v2\/types\/product"}],"replies":[{"embeddable":true,"href":"https:\/\/regalaunninot.com\/es\/wp-json\/wp\/v2\/comments?post=2546"}],"wp:featuredmedia":[{"embeddable":true,"href":"https:\/\/regalaunninot.com\/es\/wp-json\/wp\/v2\/media\/2212"}],"wp:attachment":[{"href":"https:\/\/regalaunninot.com\/es\/wp-json\/wp\/v2\/media?parent=2546"}],"wp:term":[{"taxonomy":"product_brand","embeddable":true,"href":"https:\/\/regalaunninot.com\/es\/wp-json\/wp\/v2\/product_brand?post=2546"},{"taxonomy":"product_cat","embeddable":true,"href":"https:\/\/regalaunninot.com\/es\/wp-json\/wp\/v2\/product_cat?post=2546"},{"taxonomy":"product_tag","embeddable":true,"href":"https:\/\/regalaunninot.com\/es\/wp-json\/wp\/v2\/product_tag?post=2546"}],"curies":[{"name":"wp","href":"https:\/\/api.w.org\/{rel}","templated":true}]}}