{"id":3149,"date":"2020-11-10T20:05:43","date_gmt":"2020-11-10T19:05:43","guid":{"rendered":"https:\/\/regalaunninot.com\/producte\/reyes-magos\/"},"modified":"2021-11-17T19:47:36","modified_gmt":"2021-11-17T18:47:36","slug":"reyes-magos","status":"publish","type":"product","link":"https:\/\/regalaunninot.com\/es\/producto\/reyes-magos\/","title":{"rendered":"Reyes Magos"},"content":{"rendered":"<p>Tienes una empresa y quieres decorar tu local para Navidad?<\/p>\n<p>Te presentamos una serie de Reyes Magos, perfectos para interactuar con las familias y decorar tu local. En ellos, los m\u00e1s peque\u00f1os podr\u00e1n dejar las cartas de regalos que m\u00e1s desean para estas fiestas.<\/p>\n<p>No lo dudes y ponte en contacto con nosotros para realizar la mejor decoraci\u00f3n de local para estas fiestas navide\u00f1as.<\/p>\n","protected":false},"excerpt":{"rendered":"<p>Tienes una empresa y quieres decorar tu local para Navidad? Te presentamos una serie de Reyes Magos, perfectos para interactuar con las familias y decorar tu local. En ellos, los m\u00e1s peque\u00f1os podr\u00e1n dejar las cartas de regalos que m\u00e1s desean para estas fiestas. No lo dudes y ponte en contacto con nosotros para realizar [&hellip;]<\/p>\n","protected":false},"featured_media":3148,"comment_status":"closed","ping_status":"closed","template":"","meta":[],"product_brand":[],"product_cat":[520,61],"product_tag":[160,553,984,985,986,983,981,987,982,988],"class_list":{"0":"post-3149","1":"product","2":"type-product","3":"status-publish","4":"has-post-thumbnail","6":"product_cat-ninots-fallas","7":"product_cat-ninots","8":"product_tag-decoracion","9":"product_tag-decoracion-es","10":"product_tag-festivo","11":"product_tag-festivo-es","12":"product_tag-navidad-es","13":"product_tag-navidad","14":"product_tag-reis-mags","15":"product_tag-reis-mags-es","16":"product_tag-reyes-magos","17":"product_tag-reyes-magos-es","19":"first","20":"instock","21":"taxable","22":"shipping-taxable","23":"product-type-simple"},"acf":[],"yoast_head":"<!-- This site is optimized with the Yoast SEO Premium plugin v19.3 (Yoast SEO v26.5) - https:\/\/yoast.com\/wordpress\/plugins\/seo\/ -->\n<title>Comprar Reyes Magos - Figura a Medida | Regala un Ninot \ud83c\udf81<\/title>\n<meta name=\"robots\" content=\"index, follow, max-snippet:-1, max-image-preview:large, max-video-preview:-1\" \/>\n<link rel=\"canonical\" href=\"https:\/\/regalaunninot.com\/es\/producto\/reyes-magos\/\" \/>\n<meta property=\"og:locale\" content=\"es_ES\" \/>\n<meta property=\"og:type\" content=\"article\" \/>\n<meta property=\"og:title\" content=\"Reyes Magos\" \/>\n<meta property=\"og:description\" content=\"Tienes una empresa y quieres decorar tu local para Navidad? Te presentamos una serie de Reyes Magos, perfectos para interactuar con las familias y decorar tu local. En ellos, los m\u00e1s peque\u00f1os podr\u00e1n dejar las cartas de regalos que m\u00e1s desean para estas fiestas. No lo dudes y ponte en contacto con nosotros para realizar [&hellip;]\" \/>\n<meta property=\"og:url\" content=\"https:\/\/regalaunninot.com\/es\/producto\/reyes-magos\/\" \/>\n<meta property=\"og:site_name\" content=\"\ud83c\udf81 Regala Un Ninot \u200d\ud83c\udfa8\" \/>\n<meta property=\"article:modified_time\" content=\"2021-11-17T18:47:36+00:00\" \/>\n<meta property=\"og:image\" content=\"https:\/\/regalaunninot.com\/wp-content\/uploads\/2020\/11\/MARCA-DE-AGUA1-scaled.jpg\" \/>\n\t<meta property=\"og:image:width\" content=\"2048\" \/>\n\t<meta property=\"og:image:height\" content=\"857\" \/>\n\t<meta property=\"og:image:type\" content=\"image\/jpeg\" \/>\n<meta name=\"twitter:card\" content=\"summary_large_image\" \/>\n<meta name=\"twitter:label1\" content=\"Precio\" \/>\n\t<meta name=\"twitter:data1\" content=\"\" \/>\n\t<meta name=\"twitter:label2\" content=\"Availability\" \/>\n\t<meta name=\"twitter:data2\" content=\"In stock\" \/>\n<script type=\"application\/ld+json\" class=\"yoast-schema-graph\">{\"@context\":\"https:\/\/schema.org\",\"@graph\":[{\"@type\":\"WebPage\",\"@id\":\"https:\/\/regalaunninot.com\/es\/producto\/reyes-magos\/\",\"url\":\"https:\/\/regalaunninot.com\/es\/producto\/reyes-magos\/\",\"name\":\"Comprar Reyes Magos - Figura a Medida | Regala un Ninot \ud83c\udf81\",\"isPartOf\":{\"@id\":\"https:\/\/regalaunninot.com\/es\/#website\"},\"primaryImageOfPage\":{\"@id\":\"https:\/\/regalaunninot.com\/es\/producto\/reyes-magos\/#primaryimage\"},\"image\":{\"@id\":\"https:\/\/regalaunninot.com\/es\/producto\/reyes-magos\/#primaryimage\"},\"thumbnailUrl\":\"https:\/\/regalaunninot.com\/wp-content\/uploads\/2020\/11\/MARCA-DE-AGUA1-scaled.jpg\",\"datePublished\":\"2020-11-10T19:05:43+00:00\",\"dateModified\":\"2021-11-17T18:47:36+00:00\",\"breadcrumb\":{\"@id\":\"https:\/\/regalaunninot.com\/es\/producto\/reyes-magos\/#breadcrumb\"},\"inLanguage\":\"es\",\"potentialAction\":[{\"@type\":\"ReadAction\",\"target\":[\"https:\/\/regalaunninot.com\/es\/producto\/reyes-magos\/\"]}]},{\"@type\":\"ImageObject\",\"inLanguage\":\"es\",\"@id\":\"https:\/\/regalaunninot.com\/es\/producto\/reyes-magos\/#primaryimage\",\"url\":\"https:\/\/regalaunninot.com\/wp-content\/uploads\/2020\/11\/MARCA-DE-AGUA1-scaled.jpg\",\"contentUrl\":\"https:\/\/regalaunninot.com\/wp-content\/uploads\/2020\/11\/MARCA-DE-AGUA1-scaled.jpg\",\"width\":2048,\"height\":857},{\"@type\":\"BreadcrumbList\",\"@id\":\"https:\/\/regalaunninot.com\/es\/producto\/reyes-magos\/#breadcrumb\",\"itemListElement\":[{\"@type\":\"ListItem\",\"position\":1,\"name\":\"Inici\",\"item\":\"https:\/\/regalaunninot.com\/es\/\"},{\"@type\":\"ListItem\",\"position\":2,\"name\":\"Productos\",\"item\":\"https:\/\/regalaunninot.com\/es\/productos\/\"},{\"@type\":\"ListItem\",\"position\":3,\"name\":\"Reyes Magos\"}]},{\"@type\":\"WebSite\",\"@id\":\"https:\/\/regalaunninot.com\/es\/#website\",\"url\":\"https:\/\/regalaunninot.com\/es\/\",\"name\":\"\ud83c\udf81 Regala Un Ninot \u200d\ud83c\udfa8\",\"description\":\"Regala la creatividad de nuestros artistas falleros y foguereros\",\"publisher\":{\"@id\":\"https:\/\/regalaunninot.com\/es\/#organization\"},\"potentialAction\":[{\"@type\":\"SearchAction\",\"target\":{\"@type\":\"EntryPoint\",\"urlTemplate\":\"https:\/\/regalaunninot.com\/es\/?s={search_term_string}\"},\"query-input\":{\"@type\":\"PropertyValueSpecification\",\"valueRequired\":true,\"valueName\":\"search_term_string\"}}],\"inLanguage\":\"es\"},{\"@type\":\"Organization\",\"@id\":\"https:\/\/regalaunninot.com\/es\/#organization\",\"name\":\"Regala Un Ninot\",\"url\":\"https:\/\/regalaunninot.com\/es\/\",\"logo\":{\"@type\":\"ImageObject\",\"inLanguage\":\"es\",\"@id\":\"https:\/\/regalaunninot.com\/es\/#\/schema\/logo\/image\/\",\"url\":\"https:\/\/regalaunninot.com\/wp-content\/uploads\/2020\/12\/logo-regala-un-ninot-h.png\",\"contentUrl\":\"https:\/\/regalaunninot.com\/wp-content\/uploads\/2020\/12\/logo-regala-un-ninot-h.png\",\"width\":1787,\"height\":705,\"caption\":\"Regala Un Ninot\"},\"image\":{\"@id\":\"https:\/\/regalaunninot.com\/es\/#\/schema\/logo\/image\/\"}}]}<\/script>\n<meta property=\"product:price:amount\" content=\"0.00\" \/>\n<meta property=\"product:price:currency\" content=\"EUR\" \/>\n<meta property=\"og:availability\" content=\"instock\" \/>\n<meta property=\"product:availability\" content=\"instock\" \/>\n<meta property=\"product:condition\" content=\"new\" \/>\n<!-- \/ Yoast SEO Premium plugin. -->","yoast_head_json":{"title":"Comprar Reyes Magos - Figura a Medida | Regala un Ninot \ud83c\udf81","robots":{"index":"index","follow":"follow","max-snippet":"max-snippet:-1","max-image-preview":"max-image-preview:large","max-video-preview":"max-video-preview:-1"},"canonical":"https:\/\/regalaunninot.com\/es\/producto\/reyes-magos\/","og_locale":"es_ES","og_type":"article","og_title":"Reyes Magos","og_description":"Tienes una empresa y quieres decorar tu local para Navidad? Te presentamos una serie de Reyes Magos, perfectos para interactuar con las familias y decorar tu local. En ellos, los m\u00e1s peque\u00f1os podr\u00e1n dejar las cartas de regalos que m\u00e1s desean para estas fiestas. No lo dudes y ponte en contacto con nosotros para realizar [&hellip;]","og_url":"https:\/\/regalaunninot.com\/es\/producto\/reyes-magos\/","og_site_name":"\ud83c\udf81 Regala Un Ninot \u200d\ud83c\udfa8","article_modified_time":"2021-11-17T18:47:36+00:00","og_image":[{"width":2048,"height":857,"url":"https:\/\/regalaunninot.com\/wp-content\/uploads\/2020\/11\/MARCA-DE-AGUA1-scaled.jpg","type":"image\/jpeg"}],"twitter_card":"summary_large_image","twitter_misc":{"Precio":"","Availability":"In stock"},"schema":{"@context":"https:\/\/schema.org","@graph":[{"@type":"WebPage","@id":"https:\/\/regalaunninot.com\/es\/producto\/reyes-magos\/","url":"https:\/\/regalaunninot.com\/es\/producto\/reyes-magos\/","name":"Comprar Reyes Magos - Figura a Medida | Regala un Ninot \ud83c\udf81","isPartOf":{"@id":"https:\/\/regalaunninot.com\/es\/#website"},"primaryImageOfPage":{"@id":"https:\/\/regalaunninot.com\/es\/producto\/reyes-magos\/#primaryimage"},"image":{"@id":"https:\/\/regalaunninot.com\/es\/producto\/reyes-magos\/#primaryimage"},"thumbnailUrl":"https:\/\/regalaunninot.com\/wp-content\/uploads\/2020\/11\/MARCA-DE-AGUA1-scaled.jpg","datePublished":"2020-11-10T19:05:43+00:00","dateModified":"2021-11-17T18:47:36+00:00","breadcrumb":{"@id":"https:\/\/regalaunninot.com\/es\/producto\/reyes-magos\/#breadcrumb"},"inLanguage":"es","potentialAction":[{"@type":"ReadAction","target":["https:\/\/regalaunninot.com\/es\/producto\/reyes-magos\/"]}]},{"@type":"ImageObject","inLanguage":"es","@id":"https:\/\/regalaunninot.com\/es\/producto\/reyes-magos\/#primaryimage","url":"https:\/\/regalaunninot.com\/wp-content\/uploads\/2020\/11\/MARCA-DE-AGUA1-scaled.jpg","contentUrl":"https:\/\/regalaunninot.com\/wp-content\/uploads\/2020\/11\/MARCA-DE-AGUA1-scaled.jpg","width":2048,"height":857},{"@type":"BreadcrumbList","@id":"https:\/\/regalaunninot.com\/es\/producto\/reyes-magos\/#breadcrumb","itemListElement":[{"@type":"ListItem","position":1,"name":"Inici","item":"https:\/\/regalaunninot.com\/es\/"},{"@type":"ListItem","position":2,"name":"Productos","item":"https:\/\/regalaunninot.com\/es\/productos\/"},{"@type":"ListItem","position":3,"name":"Reyes Magos"}]},{"@type":"WebSite","@id":"https:\/\/regalaunninot.com\/es\/#website","url":"https:\/\/regalaunninot.com\/es\/","name":"\ud83c\udf81 Regala Un Ninot \u200d\ud83c\udfa8","description":"Regala la creatividad de nuestros artistas falleros y foguereros","publisher":{"@id":"https:\/\/regalaunninot.com\/es\/#organization"},"potentialAction":[{"@type":"SearchAction","target":{"@type":"EntryPoint","urlTemplate":"https:\/\/regalaunninot.com\/es\/?s={search_term_string}"},"query-input":{"@type":"PropertyValueSpecification","valueRequired":true,"valueName":"search_term_string"}}],"inLanguage":"es"},{"@type":"Organization","@id":"https:\/\/regalaunninot.com\/es\/#organization","name":"Regala Un Ninot","url":"https:\/\/regalaunninot.com\/es\/","logo":{"@type":"ImageObject","inLanguage":"es","@id":"https:\/\/regalaunninot.com\/es\/#\/schema\/logo\/image\/","url":"https:\/\/regalaunninot.com\/wp-content\/uploads\/2020\/12\/logo-regala-un-ninot-h.png","contentUrl":"https:\/\/regalaunninot.com\/wp-content\/uploads\/2020\/12\/logo-regala-un-ninot-h.png","width":1787,"height":705,"caption":"Regala Un Ninot"},"image":{"@id":"https:\/\/regalaunninot.com\/es\/#\/schema\/logo\/image\/"}}]},"product_price_amount":"0.00","product_price_currency":"EUR","og_availability":"instock","product_availability":"instock","product_condition":"new"},"_links":{"self":[{"href":"https:\/\/regalaunninot.com\/es\/wp-json\/wp\/v2\/product\/3149","targetHints":{"allow":["GET"]}}],"collection":[{"href":"https:\/\/regalaunninot.com\/es\/wp-json\/wp\/v2\/product"}],"about":[{"href":"https:\/\/regalaunninot.com\/es\/wp-json\/wp\/v2\/types\/product"}],"replies":[{"embeddable":true,"href":"https:\/\/regalaunninot.com\/es\/wp-json\/wp\/v2\/comments?post=3149"}],"wp:featuredmedia":[{"embeddable":true,"href":"https:\/\/regalaunninot.com\/es\/wp-json\/wp\/v2\/media\/3148"}],"wp:attachment":[{"href":"https:\/\/regalaunninot.com\/es\/wp-json\/wp\/v2\/media?parent=3149"}],"wp:term":[{"taxonomy":"product_brand","embeddable":true,"href":"https:\/\/regalaunninot.com\/es\/wp-json\/wp\/v2\/product_brand?post=3149"},{"taxonomy":"product_cat","embeddable":true,"href":"https:\/\/regalaunninot.com\/es\/wp-json\/wp\/v2\/product_cat?post=3149"},{"taxonomy":"product_tag","embeddable":true,"href":"https:\/\/regalaunninot.com\/es\/wp-json\/wp\/v2\/product_tag?post=3149"}],"curies":[{"name":"wp","href":"https:\/\/api.w.org\/{rel}","templated":true}]}}