{"id":3366,"date":"2020-11-21T19:49:01","date_gmt":"2020-11-21T18:49:01","guid":{"rendered":"https:\/\/regalaunninot.com\/producte\/cangrejo\/"},"modified":"2024-03-11T19:53:26","modified_gmt":"2024-03-11T18:53:26","slug":"cangrejo","status":"publish","type":"product","link":"https:\/\/regalaunninot.com\/es\/producto\/cangrejo\/","title":{"rendered":"Cangrejo"},"content":{"rendered":"<p>La idea de la portada surge por una noticia de hace unos meses. La playa de Gand\u00eda estaba siendo invadida por el cangrejo americano, esto conlleva una lucha por la supervivencia, la capacidad de adaptaci\u00f3n a nuevos ecosistemas y la resistencia por parte de la especie aut\u00f3ctona. Dos cangrejos enfrentados. La peineta como referencia al mundo de las fallas, puede sugerir multitud de interpretaciones. La competencia entre los falleros de diferentes comisiones, la propia supervivencia en un paisaje econ\u00f3mico donde la autogesti\u00f3n es la base o la influencia del turismo en dicha fiesta.<br \/>\nHoy en d\u00eda, el cangrejo americano est\u00e1 extendido pr\u00e1cticamente por toda la costa levantina.<\/p>\n","protected":false},"excerpt":{"rendered":"<p>La idea de la portada surge por una noticia de hace unos meses. La playa de Gand\u00eda estaba siendo invadida por el cangrejo americano, esto conlleva una lucha por la supervivencia, la capacidad de adaptaci\u00f3n a nuevos ecosistemas y la resistencia por parte de la especie aut\u00f3ctona. Dos cangrejos enfrentados. La peineta como referencia al [&hellip;]<\/p>\n","protected":false},"featured_media":3361,"comment_status":"closed","ping_status":"closed","template":"","meta":[],"product_brand":[],"product_cat":[516],"product_tag":[537,1026,1027,1028],"class_list":{"0":"post-3366","1":"product","2":"type-product","3":"status-publish","4":"has-post-thumbnail","6":"product_cat-ilustraciones","7":"product_tag-ilustracion-es","8":"product_tag-llibret-fallero-es","9":"product_tag-peineta-fallera-es","10":"product_tag-portada-es","12":"first","13":"instock","14":"taxable","15":"shipping-taxable","16":"purchasable","17":"product-type-simple"},"acf":[],"yoast_head":"<!-- This site is optimized with the Yoast SEO Premium plugin v19.3 (Yoast SEO v26.5) - https:\/\/yoast.com\/wordpress\/plugins\/seo\/ -->\n<title>Cangrejo | \ud83c\udf81 Regala Un Ninot \u200d\ud83c\udfa8<\/title>\n<meta name=\"robots\" content=\"index, follow, max-snippet:-1, max-image-preview:large, max-video-preview:-1\" \/>\n<link rel=\"canonical\" href=\"https:\/\/regalaunninot.com\/es\/producto\/cangrejo\/\" \/>\n<meta property=\"og:locale\" content=\"es_ES\" \/>\n<meta property=\"og:type\" content=\"article\" \/>\n<meta property=\"og:title\" content=\"Cangrejo\" \/>\n<meta property=\"og:description\" content=\"La idea de la portada surge por una noticia de hace unos meses. La playa de Gand\u00eda estaba siendo invadida por el cangrejo americano, esto conlleva una lucha por la supervivencia, la capacidad de adaptaci\u00f3n a nuevos ecosistemas y la resistencia por parte de la especie aut\u00f3ctona. Dos cangrejos enfrentados. La peineta como referencia al [&hellip;]\" \/>\n<meta property=\"og:url\" content=\"https:\/\/regalaunninot.com\/es\/producto\/cangrejo\/\" \/>\n<meta property=\"og:site_name\" content=\"\ud83c\udf81 Regala Un Ninot \u200d\ud83c\udfa8\" \/>\n<meta property=\"article:modified_time\" content=\"2024-03-11T18:53:26+00:00\" \/>\n<meta property=\"og:image\" content=\"https:\/\/regalaunninot.com\/wp-content\/uploads\/2020\/11\/cangrejo-rojo-peq.jpg\" \/>\n\t<meta property=\"og:image:width\" content=\"362\" \/>\n\t<meta property=\"og:image:height\" content=\"361\" \/>\n\t<meta property=\"og:image:type\" content=\"image\/jpeg\" \/>\n<meta name=\"twitter:card\" content=\"summary_large_image\" \/>\n<meta name=\"twitter:label1\" content=\"Precio\" \/>\n\t<meta name=\"twitter:data1\" content=\"25&euro;\" \/>\n\t<meta name=\"twitter:label2\" content=\"Availability\" \/>\n\t<meta name=\"twitter:data2\" content=\"In stock\" \/>\n<script type=\"application\/ld+json\" class=\"yoast-schema-graph\">{\"@context\":\"https:\/\/schema.org\",\"@graph\":[{\"@type\":\"WebPage\",\"@id\":\"https:\/\/regalaunninot.com\/es\/producto\/cangrejo\/\",\"url\":\"https:\/\/regalaunninot.com\/es\/producto\/cangrejo\/\",\"name\":\"Cangrejo | \ud83c\udf81 Regala Un Ninot \u200d\ud83c\udfa8\",\"isPartOf\":{\"@id\":\"https:\/\/regalaunninot.com\/es\/#website\"},\"primaryImageOfPage\":{\"@id\":\"https:\/\/regalaunninot.com\/es\/producto\/cangrejo\/#primaryimage\"},\"image\":{\"@id\":\"https:\/\/regalaunninot.com\/es\/producto\/cangrejo\/#primaryimage\"},\"thumbnailUrl\":\"https:\/\/regalaunninot.com\/wp-content\/uploads\/2020\/11\/cangrejo-rojo-peq.jpg\",\"datePublished\":\"2020-11-21T18:49:01+00:00\",\"dateModified\":\"2024-03-11T18:53:26+00:00\",\"breadcrumb\":{\"@id\":\"https:\/\/regalaunninot.com\/es\/producto\/cangrejo\/#breadcrumb\"},\"inLanguage\":\"es\",\"potentialAction\":[{\"@type\":\"ReadAction\",\"target\":[\"https:\/\/regalaunninot.com\/es\/producto\/cangrejo\/\"]}]},{\"@type\":\"ImageObject\",\"inLanguage\":\"es\",\"@id\":\"https:\/\/regalaunninot.com\/es\/producto\/cangrejo\/#primaryimage\",\"url\":\"https:\/\/regalaunninot.com\/wp-content\/uploads\/2020\/11\/cangrejo-rojo-peq.jpg\",\"contentUrl\":\"https:\/\/regalaunninot.com\/wp-content\/uploads\/2020\/11\/cangrejo-rojo-peq.jpg\",\"width\":362,\"height\":361},{\"@type\":\"BreadcrumbList\",\"@id\":\"https:\/\/regalaunninot.com\/es\/producto\/cangrejo\/#breadcrumb\",\"itemListElement\":[{\"@type\":\"ListItem\",\"position\":1,\"name\":\"Inici\",\"item\":\"https:\/\/regalaunninot.com\/es\/\"},{\"@type\":\"ListItem\",\"position\":2,\"name\":\"Productos\",\"item\":\"https:\/\/regalaunninot.com\/es\/productos\/\"},{\"@type\":\"ListItem\",\"position\":3,\"name\":\"Cangrejo\"}]},{\"@type\":\"WebSite\",\"@id\":\"https:\/\/regalaunninot.com\/es\/#website\",\"url\":\"https:\/\/regalaunninot.com\/es\/\",\"name\":\"\ud83c\udf81 Regala Un Ninot \u200d\ud83c\udfa8\",\"description\":\"Regala la creatividad de nuestros artistas falleros y foguereros\",\"publisher\":{\"@id\":\"https:\/\/regalaunninot.com\/es\/#organization\"},\"potentialAction\":[{\"@type\":\"SearchAction\",\"target\":{\"@type\":\"EntryPoint\",\"urlTemplate\":\"https:\/\/regalaunninot.com\/es\/?s={search_term_string}\"},\"query-input\":{\"@type\":\"PropertyValueSpecification\",\"valueRequired\":true,\"valueName\":\"search_term_string\"}}],\"inLanguage\":\"es\"},{\"@type\":\"Organization\",\"@id\":\"https:\/\/regalaunninot.com\/es\/#organization\",\"name\":\"Regala Un Ninot\",\"url\":\"https:\/\/regalaunninot.com\/es\/\",\"logo\":{\"@type\":\"ImageObject\",\"inLanguage\":\"es\",\"@id\":\"https:\/\/regalaunninot.com\/es\/#\/schema\/logo\/image\/\",\"url\":\"https:\/\/regalaunninot.com\/wp-content\/uploads\/2020\/12\/logo-regala-un-ninot-h.png\",\"contentUrl\":\"https:\/\/regalaunninot.com\/wp-content\/uploads\/2020\/12\/logo-regala-un-ninot-h.png\",\"width\":1787,\"height\":705,\"caption\":\"Regala Un Ninot\"},\"image\":{\"@id\":\"https:\/\/regalaunninot.com\/es\/#\/schema\/logo\/image\/\"}}]}<\/script>\n<meta property=\"product:price:amount\" content=\"25.00\" \/>\n<meta property=\"product:price:currency\" content=\"EUR\" \/>\n<meta property=\"og:availability\" content=\"instock\" \/>\n<meta property=\"product:availability\" content=\"instock\" \/>\n<meta property=\"product:condition\" content=\"new\" \/>\n<!-- \/ Yoast SEO Premium plugin. -->","yoast_head_json":{"title":"Cangrejo | \ud83c\udf81 Regala Un Ninot \u200d\ud83c\udfa8","robots":{"index":"index","follow":"follow","max-snippet":"max-snippet:-1","max-image-preview":"max-image-preview:large","max-video-preview":"max-video-preview:-1"},"canonical":"https:\/\/regalaunninot.com\/es\/producto\/cangrejo\/","og_locale":"es_ES","og_type":"article","og_title":"Cangrejo","og_description":"La idea de la portada surge por una noticia de hace unos meses. La playa de Gand\u00eda estaba siendo invadida por el cangrejo americano, esto conlleva una lucha por la supervivencia, la capacidad de adaptaci\u00f3n a nuevos ecosistemas y la resistencia por parte de la especie aut\u00f3ctona. Dos cangrejos enfrentados. La peineta como referencia al [&hellip;]","og_url":"https:\/\/regalaunninot.com\/es\/producto\/cangrejo\/","og_site_name":"\ud83c\udf81 Regala Un Ninot \u200d\ud83c\udfa8","article_modified_time":"2024-03-11T18:53:26+00:00","og_image":[{"width":362,"height":361,"url":"https:\/\/regalaunninot.com\/wp-content\/uploads\/2020\/11\/cangrejo-rojo-peq.jpg","type":"image\/jpeg"}],"twitter_card":"summary_large_image","twitter_misc":{"Precio":"25&euro;","Availability":"In stock"},"schema":{"@context":"https:\/\/schema.org","@graph":[{"@type":"WebPage","@id":"https:\/\/regalaunninot.com\/es\/producto\/cangrejo\/","url":"https:\/\/regalaunninot.com\/es\/producto\/cangrejo\/","name":"Cangrejo | \ud83c\udf81 Regala Un Ninot \u200d\ud83c\udfa8","isPartOf":{"@id":"https:\/\/regalaunninot.com\/es\/#website"},"primaryImageOfPage":{"@id":"https:\/\/regalaunninot.com\/es\/producto\/cangrejo\/#primaryimage"},"image":{"@id":"https:\/\/regalaunninot.com\/es\/producto\/cangrejo\/#primaryimage"},"thumbnailUrl":"https:\/\/regalaunninot.com\/wp-content\/uploads\/2020\/11\/cangrejo-rojo-peq.jpg","datePublished":"2020-11-21T18:49:01+00:00","dateModified":"2024-03-11T18:53:26+00:00","breadcrumb":{"@id":"https:\/\/regalaunninot.com\/es\/producto\/cangrejo\/#breadcrumb"},"inLanguage":"es","potentialAction":[{"@type":"ReadAction","target":["https:\/\/regalaunninot.com\/es\/producto\/cangrejo\/"]}]},{"@type":"ImageObject","inLanguage":"es","@id":"https:\/\/regalaunninot.com\/es\/producto\/cangrejo\/#primaryimage","url":"https:\/\/regalaunninot.com\/wp-content\/uploads\/2020\/11\/cangrejo-rojo-peq.jpg","contentUrl":"https:\/\/regalaunninot.com\/wp-content\/uploads\/2020\/11\/cangrejo-rojo-peq.jpg","width":362,"height":361},{"@type":"BreadcrumbList","@id":"https:\/\/regalaunninot.com\/es\/producto\/cangrejo\/#breadcrumb","itemListElement":[{"@type":"ListItem","position":1,"name":"Inici","item":"https:\/\/regalaunninot.com\/es\/"},{"@type":"ListItem","position":2,"name":"Productos","item":"https:\/\/regalaunninot.com\/es\/productos\/"},{"@type":"ListItem","position":3,"name":"Cangrejo"}]},{"@type":"WebSite","@id":"https:\/\/regalaunninot.com\/es\/#website","url":"https:\/\/regalaunninot.com\/es\/","name":"\ud83c\udf81 Regala Un Ninot \u200d\ud83c\udfa8","description":"Regala la creatividad de nuestros artistas falleros y foguereros","publisher":{"@id":"https:\/\/regalaunninot.com\/es\/#organization"},"potentialAction":[{"@type":"SearchAction","target":{"@type":"EntryPoint","urlTemplate":"https:\/\/regalaunninot.com\/es\/?s={search_term_string}"},"query-input":{"@type":"PropertyValueSpecification","valueRequired":true,"valueName":"search_term_string"}}],"inLanguage":"es"},{"@type":"Organization","@id":"https:\/\/regalaunninot.com\/es\/#organization","name":"Regala Un Ninot","url":"https:\/\/regalaunninot.com\/es\/","logo":{"@type":"ImageObject","inLanguage":"es","@id":"https:\/\/regalaunninot.com\/es\/#\/schema\/logo\/image\/","url":"https:\/\/regalaunninot.com\/wp-content\/uploads\/2020\/12\/logo-regala-un-ninot-h.png","contentUrl":"https:\/\/regalaunninot.com\/wp-content\/uploads\/2020\/12\/logo-regala-un-ninot-h.png","width":1787,"height":705,"caption":"Regala Un Ninot"},"image":{"@id":"https:\/\/regalaunninot.com\/es\/#\/schema\/logo\/image\/"}}]},"product_price_amount":"25.00","product_price_currency":"EUR","og_availability":"instock","product_availability":"instock","product_condition":"new"},"_links":{"self":[{"href":"https:\/\/regalaunninot.com\/es\/wp-json\/wp\/v2\/product\/3366","targetHints":{"allow":["GET"]}}],"collection":[{"href":"https:\/\/regalaunninot.com\/es\/wp-json\/wp\/v2\/product"}],"about":[{"href":"https:\/\/regalaunninot.com\/es\/wp-json\/wp\/v2\/types\/product"}],"replies":[{"embeddable":true,"href":"https:\/\/regalaunninot.com\/es\/wp-json\/wp\/v2\/comments?post=3366"}],"wp:featuredmedia":[{"embeddable":true,"href":"https:\/\/regalaunninot.com\/es\/wp-json\/wp\/v2\/media\/3361"}],"wp:attachment":[{"href":"https:\/\/regalaunninot.com\/es\/wp-json\/wp\/v2\/media?parent=3366"}],"wp:term":[{"taxonomy":"product_brand","embeddable":true,"href":"https:\/\/regalaunninot.com\/es\/wp-json\/wp\/v2\/product_brand?post=3366"},{"taxonomy":"product_cat","embeddable":true,"href":"https:\/\/regalaunninot.com\/es\/wp-json\/wp\/v2\/product_cat?post=3366"},{"taxonomy":"product_tag","embeddable":true,"href":"https:\/\/regalaunninot.com\/es\/wp-json\/wp\/v2\/product_tag?post=3366"}],"curies":[{"name":"wp","href":"https:\/\/api.w.org\/{rel}","templated":true}]}}