{"id":6181,"date":"2021-08-23T13:25:14","date_gmt":"2021-08-23T11:25:14","guid":{"rendered":"https:\/\/regalaunninot.com\/producte\/figura-personalizada-pareja-de-novios\/"},"modified":"2021-08-23T13:25:14","modified_gmt":"2021-08-23T11:25:14","slug":"figura-personalizada-pareja-de-novios","status":"publish","type":"product","link":"https:\/\/regalaunninot.com\/es\/producto\/figura-personalizada-pareja-de-novios\/","title":{"rendered":"Figura Personalizada Pareja de Novios"},"content":{"rendered":"<p>Mu\u00f1eco personalizado de figuras para pareja de novios. Tu idea se realizara mediante la creaci\u00f3n de una figura 3D en el que veras plasmado la persona que nos envies para un regalo \u00fanico y original. <\/p>\n","protected":false},"excerpt":{"rendered":"<p>Mu\u00f1eco personalizado de figuras para pareja de novios. Tu idea se realizara mediante la creaci\u00f3n de una figura 3D en el que veras plasmado la persona que nos envies para un regalo \u00fanico y original.<\/p>\n","protected":false},"featured_media":6178,"comment_status":"closed","ping_status":"closed","template":"","meta":[],"product_brand":[],"product_cat":[899,520],"product_tag":[810,941],"class_list":{"0":"post-6181","1":"product","2":"type-product","3":"status-publish","4":"has-post-thumbnail","6":"product_cat-mini-ninots-personalizados","7":"product_cat-ninots-fallas","8":"product_tag-ninot-de-boda-es","9":"product_tag-ninot-de-pareja-es","10":"product_shipping_class-enviament-mini-ninot-es","12":"first","13":"instock","14":"taxable","15":"shipping-taxable","16":"purchasable","17":"product-type-simple"},"acf":[],"yoast_head":"<!-- This site is optimized with the Yoast SEO Premium plugin v19.3 (Yoast SEO v26.5) - https:\/\/yoast.com\/wordpress\/plugins\/seo\/ -->\n<title>Figura Personalizada Pareja de Novios | \ud83c\udf81 Regala Un Ninot \u200d\ud83c\udfa8<\/title>\n<meta name=\"description\" content=\"Mu\u00f1eco personalizado de figuras para pareja de novios. A partir de una imagen o una idea realizamos tus figuras totalmente personalizadas.\" \/>\n<meta name=\"robots\" content=\"index, follow, max-snippet:-1, max-image-preview:large, max-video-preview:-1\" \/>\n<link rel=\"canonical\" href=\"https:\/\/regalaunninot.com\/es\/producto\/figura-personalizada-pareja-de-novios\/\" \/>\n<meta property=\"og:locale\" content=\"es_ES\" \/>\n<meta property=\"og:type\" content=\"article\" \/>\n<meta property=\"og:title\" content=\"Figura Personalizada Pareja de Novios\" \/>\n<meta property=\"og:description\" content=\"Mu\u00f1eco personalizado de figuras para pareja de novios. A partir de una imagen o una idea realizamos tus figuras totalmente personalizadas.\" \/>\n<meta property=\"og:url\" content=\"https:\/\/regalaunninot.com\/es\/producto\/figura-personalizada-pareja-de-novios\/\" \/>\n<meta property=\"og:site_name\" content=\"\ud83c\udf81 Regala Un Ninot \u200d\ud83c\udfa8\" \/>\n<meta property=\"og:image\" content=\"https:\/\/regalaunninot.com\/wp-content\/uploads\/2021\/08\/Figura-personalizada-pareja-de-novios.jpg\" \/>\n\t<meta property=\"og:image:width\" content=\"600\" \/>\n\t<meta property=\"og:image:height\" content=\"600\" \/>\n\t<meta property=\"og:image:type\" content=\"image\/jpeg\" \/>\n<meta name=\"twitter:card\" content=\"summary_large_image\" \/>\n<meta name=\"twitter:label1\" content=\"Precio\" \/>\n\t<meta name=\"twitter:data1\" content=\"485&euro;\" \/>\n\t<meta name=\"twitter:label2\" content=\"Availability\" \/>\n\t<meta name=\"twitter:data2\" content=\"In stock\" \/>\n<script type=\"application\/ld+json\" class=\"yoast-schema-graph\">{\"@context\":\"https:\/\/schema.org\",\"@graph\":[{\"@type\":\"WebPage\",\"@id\":\"https:\/\/regalaunninot.com\/es\/producto\/figura-personalizada-pareja-de-novios\/\",\"url\":\"https:\/\/regalaunninot.com\/es\/producto\/figura-personalizada-pareja-de-novios\/\",\"name\":\"Figura Personalizada Pareja de Novios | \ud83c\udf81 Regala Un Ninot \u200d\ud83c\udfa8\",\"isPartOf\":{\"@id\":\"https:\/\/regalaunninot.com\/es\/#website\"},\"primaryImageOfPage\":{\"@id\":\"https:\/\/regalaunninot.com\/es\/producto\/figura-personalizada-pareja-de-novios\/#primaryimage\"},\"image\":{\"@id\":\"https:\/\/regalaunninot.com\/es\/producto\/figura-personalizada-pareja-de-novios\/#primaryimage\"},\"thumbnailUrl\":\"https:\/\/regalaunninot.com\/wp-content\/uploads\/2021\/08\/Figura-personalizada-pareja-de-novios.jpg\",\"datePublished\":\"2021-08-23T11:25:14+00:00\",\"description\":\"Mu\u00f1eco personalizado de figuras para pareja de novios. A partir de una imagen o una idea realizamos tus figuras totalmente personalizadas.\",\"breadcrumb\":{\"@id\":\"https:\/\/regalaunninot.com\/es\/producto\/figura-personalizada-pareja-de-novios\/#breadcrumb\"},\"inLanguage\":\"es\",\"potentialAction\":[{\"@type\":\"ReadAction\",\"target\":[\"https:\/\/regalaunninot.com\/es\/producto\/figura-personalizada-pareja-de-novios\/\"]}]},{\"@type\":\"ImageObject\",\"inLanguage\":\"es\",\"@id\":\"https:\/\/regalaunninot.com\/es\/producto\/figura-personalizada-pareja-de-novios\/#primaryimage\",\"url\":\"https:\/\/regalaunninot.com\/wp-content\/uploads\/2021\/08\/Figura-personalizada-pareja-de-novios.jpg\",\"contentUrl\":\"https:\/\/regalaunninot.com\/wp-content\/uploads\/2021\/08\/Figura-personalizada-pareja-de-novios.jpg\",\"width\":600,\"height\":600,\"caption\":\"Figura personalizada pareja de novios\"},{\"@type\":\"BreadcrumbList\",\"@id\":\"https:\/\/regalaunninot.com\/es\/producto\/figura-personalizada-pareja-de-novios\/#breadcrumb\",\"itemListElement\":[{\"@type\":\"ListItem\",\"position\":1,\"name\":\"Inici\",\"item\":\"https:\/\/regalaunninot.com\/es\/\"},{\"@type\":\"ListItem\",\"position\":2,\"name\":\"Productos\",\"item\":\"https:\/\/regalaunninot.com\/es\/productos\/\"},{\"@type\":\"ListItem\",\"position\":3,\"name\":\"Figura Personalizada Pareja de Novios\"}]},{\"@type\":\"WebSite\",\"@id\":\"https:\/\/regalaunninot.com\/es\/#website\",\"url\":\"https:\/\/regalaunninot.com\/es\/\",\"name\":\"\ud83c\udf81 Regala Un Ninot \u200d\ud83c\udfa8\",\"description\":\"Regala la creatividad de nuestros artistas falleros y foguereros\",\"publisher\":{\"@id\":\"https:\/\/regalaunninot.com\/es\/#organization\"},\"potentialAction\":[{\"@type\":\"SearchAction\",\"target\":{\"@type\":\"EntryPoint\",\"urlTemplate\":\"https:\/\/regalaunninot.com\/es\/?s={search_term_string}\"},\"query-input\":{\"@type\":\"PropertyValueSpecification\",\"valueRequired\":true,\"valueName\":\"search_term_string\"}}],\"inLanguage\":\"es\"},{\"@type\":\"Organization\",\"@id\":\"https:\/\/regalaunninot.com\/es\/#organization\",\"name\":\"Regala Un Ninot\",\"url\":\"https:\/\/regalaunninot.com\/es\/\",\"logo\":{\"@type\":\"ImageObject\",\"inLanguage\":\"es\",\"@id\":\"https:\/\/regalaunninot.com\/es\/#\/schema\/logo\/image\/\",\"url\":\"https:\/\/regalaunninot.com\/wp-content\/uploads\/2020\/12\/logo-regala-un-ninot-h.png\",\"contentUrl\":\"https:\/\/regalaunninot.com\/wp-content\/uploads\/2020\/12\/logo-regala-un-ninot-h.png\",\"width\":1787,\"height\":705,\"caption\":\"Regala Un Ninot\"},\"image\":{\"@id\":\"https:\/\/regalaunninot.com\/es\/#\/schema\/logo\/image\/\"}}]}<\/script>\n<meta property=\"product:price:amount\" content=\"485.00\" \/>\n<meta property=\"product:price:currency\" content=\"EUR\" \/>\n<meta property=\"og:availability\" content=\"instock\" \/>\n<meta property=\"product:availability\" content=\"instock\" \/>\n<meta property=\"product:condition\" content=\"new\" \/>\n<!-- \/ Yoast SEO Premium plugin. -->","yoast_head_json":{"title":"Figura Personalizada Pareja de Novios | \ud83c\udf81 Regala Un Ninot \u200d\ud83c\udfa8","description":"Mu\u00f1eco personalizado de figuras para pareja de novios. A partir de una imagen o una idea realizamos tus figuras totalmente personalizadas.","robots":{"index":"index","follow":"follow","max-snippet":"max-snippet:-1","max-image-preview":"max-image-preview:large","max-video-preview":"max-video-preview:-1"},"canonical":"https:\/\/regalaunninot.com\/es\/producto\/figura-personalizada-pareja-de-novios\/","og_locale":"es_ES","og_type":"article","og_title":"Figura Personalizada Pareja de Novios","og_description":"Mu\u00f1eco personalizado de figuras para pareja de novios. A partir de una imagen o una idea realizamos tus figuras totalmente personalizadas.","og_url":"https:\/\/regalaunninot.com\/es\/producto\/figura-personalizada-pareja-de-novios\/","og_site_name":"\ud83c\udf81 Regala Un Ninot \u200d\ud83c\udfa8","og_image":[{"width":600,"height":600,"url":"https:\/\/regalaunninot.com\/wp-content\/uploads\/2021\/08\/Figura-personalizada-pareja-de-novios.jpg","type":"image\/jpeg"}],"twitter_card":"summary_large_image","twitter_misc":{"Precio":"485&euro;","Availability":"In stock"},"schema":{"@context":"https:\/\/schema.org","@graph":[{"@type":"WebPage","@id":"https:\/\/regalaunninot.com\/es\/producto\/figura-personalizada-pareja-de-novios\/","url":"https:\/\/regalaunninot.com\/es\/producto\/figura-personalizada-pareja-de-novios\/","name":"Figura Personalizada Pareja de Novios | \ud83c\udf81 Regala Un Ninot \u200d\ud83c\udfa8","isPartOf":{"@id":"https:\/\/regalaunninot.com\/es\/#website"},"primaryImageOfPage":{"@id":"https:\/\/regalaunninot.com\/es\/producto\/figura-personalizada-pareja-de-novios\/#primaryimage"},"image":{"@id":"https:\/\/regalaunninot.com\/es\/producto\/figura-personalizada-pareja-de-novios\/#primaryimage"},"thumbnailUrl":"https:\/\/regalaunninot.com\/wp-content\/uploads\/2021\/08\/Figura-personalizada-pareja-de-novios.jpg","datePublished":"2021-08-23T11:25:14+00:00","description":"Mu\u00f1eco personalizado de figuras para pareja de novios. A partir de una imagen o una idea realizamos tus figuras totalmente personalizadas.","breadcrumb":{"@id":"https:\/\/regalaunninot.com\/es\/producto\/figura-personalizada-pareja-de-novios\/#breadcrumb"},"inLanguage":"es","potentialAction":[{"@type":"ReadAction","target":["https:\/\/regalaunninot.com\/es\/producto\/figura-personalizada-pareja-de-novios\/"]}]},{"@type":"ImageObject","inLanguage":"es","@id":"https:\/\/regalaunninot.com\/es\/producto\/figura-personalizada-pareja-de-novios\/#primaryimage","url":"https:\/\/regalaunninot.com\/wp-content\/uploads\/2021\/08\/Figura-personalizada-pareja-de-novios.jpg","contentUrl":"https:\/\/regalaunninot.com\/wp-content\/uploads\/2021\/08\/Figura-personalizada-pareja-de-novios.jpg","width":600,"height":600,"caption":"Figura personalizada pareja de novios"},{"@type":"BreadcrumbList","@id":"https:\/\/regalaunninot.com\/es\/producto\/figura-personalizada-pareja-de-novios\/#breadcrumb","itemListElement":[{"@type":"ListItem","position":1,"name":"Inici","item":"https:\/\/regalaunninot.com\/es\/"},{"@type":"ListItem","position":2,"name":"Productos","item":"https:\/\/regalaunninot.com\/es\/productos\/"},{"@type":"ListItem","position":3,"name":"Figura Personalizada Pareja de Novios"}]},{"@type":"WebSite","@id":"https:\/\/regalaunninot.com\/es\/#website","url":"https:\/\/regalaunninot.com\/es\/","name":"\ud83c\udf81 Regala Un Ninot \u200d\ud83c\udfa8","description":"Regala la creatividad de nuestros artistas falleros y foguereros","publisher":{"@id":"https:\/\/regalaunninot.com\/es\/#organization"},"potentialAction":[{"@type":"SearchAction","target":{"@type":"EntryPoint","urlTemplate":"https:\/\/regalaunninot.com\/es\/?s={search_term_string}"},"query-input":{"@type":"PropertyValueSpecification","valueRequired":true,"valueName":"search_term_string"}}],"inLanguage":"es"},{"@type":"Organization","@id":"https:\/\/regalaunninot.com\/es\/#organization","name":"Regala Un Ninot","url":"https:\/\/regalaunninot.com\/es\/","logo":{"@type":"ImageObject","inLanguage":"es","@id":"https:\/\/regalaunninot.com\/es\/#\/schema\/logo\/image\/","url":"https:\/\/regalaunninot.com\/wp-content\/uploads\/2020\/12\/logo-regala-un-ninot-h.png","contentUrl":"https:\/\/regalaunninot.com\/wp-content\/uploads\/2020\/12\/logo-regala-un-ninot-h.png","width":1787,"height":705,"caption":"Regala Un Ninot"},"image":{"@id":"https:\/\/regalaunninot.com\/es\/#\/schema\/logo\/image\/"}}]},"product_price_amount":"485.00","product_price_currency":"EUR","og_availability":"instock","product_availability":"instock","product_condition":"new"},"_links":{"self":[{"href":"https:\/\/regalaunninot.com\/es\/wp-json\/wp\/v2\/product\/6181","targetHints":{"allow":["GET"]}}],"collection":[{"href":"https:\/\/regalaunninot.com\/es\/wp-json\/wp\/v2\/product"}],"about":[{"href":"https:\/\/regalaunninot.com\/es\/wp-json\/wp\/v2\/types\/product"}],"replies":[{"embeddable":true,"href":"https:\/\/regalaunninot.com\/es\/wp-json\/wp\/v2\/comments?post=6181"}],"wp:featuredmedia":[{"embeddable":true,"href":"https:\/\/regalaunninot.com\/es\/wp-json\/wp\/v2\/media\/6178"}],"wp:attachment":[{"href":"https:\/\/regalaunninot.com\/es\/wp-json\/wp\/v2\/media?parent=6181"}],"wp:term":[{"taxonomy":"product_brand","embeddable":true,"href":"https:\/\/regalaunninot.com\/es\/wp-json\/wp\/v2\/product_brand?post=6181"},{"taxonomy":"product_cat","embeddable":true,"href":"https:\/\/regalaunninot.com\/es\/wp-json\/wp\/v2\/product_cat?post=6181"},{"taxonomy":"product_tag","embeddable":true,"href":"https:\/\/regalaunninot.com\/es\/wp-json\/wp\/v2\/product_tag?post=6181"}],"curies":[{"name":"wp","href":"https:\/\/api.w.org\/{rel}","templated":true}]}}